{"id":1147,"date":"2019-08-14T09:25:04","date_gmt":"2019-08-14T09:25:04","guid":{"rendered":"https:\/\/www.legendre.be\/?page_id=1147"},"modified":"2020-01-02T09:40:39","modified_gmt":"2020-01-02T09:40:39","slug":"conveyors","status":"publish","type":"page","link":"https:\/\/www.legendre.be\/fr\/conveyors\/","title":{"rendered":"Conveyors"},"content":{"rendered":"[vc_row css_animation=\u00a0\u00bb\u00a0\u00bb row_type=\u00a0\u00bbrow\u00a0\u00bb use_row_as_full_screen_section=\u00a0\u00bbno\u00a0\u00bb type=\u00a0\u00bbfull_width\u00a0\u00bb angled_section=\u00a0\u00bbno\u00a0\u00bb text_align=\u00a0\u00bbleft\u00a0\u00bb background_image_as_pattern=\u00a0\u00bbwithout_pattern\u00a0\u00bb css=\u00a0\u00bb.vc_custom_1560428925555{padding-top: 30px !important;padding-right: 30px !important;padding-bottom: 50px !important;padding-left: 30px !important;}\u00a0\u00bb z_index=\u00a0\u00bb\u00a0\u00bb background_image=\u00a0\u00bb628&Prime;][vc_column][vc_row_inner row_type=\u00a0\u00bbrow\u00a0\u00bb type=\u00a0\u00bbgrid\u00a0\u00bb text_align=\u00a0\u00bbleft\u00a0\u00bb css_animation=\u00a0\u00bb\u00a0\u00bb][vc_column_inner css=\u00a0\u00bb.vc_custom_1560428170590{padding-top: 75px !important;padding-right: 50px !important;padding-bottom: 75px !important;padding-left: 50px !important;background-color: #f4f4f4 !important;}\u00a0\u00bb][vc_column_text el_class=\u00a0\u00bbnon_h1&Prime;]D\u00e9couvrez toutes vos possibilit\u00e9s de convoyage[\/vc_column_text][vc_column_text]Nous proposons des convoyeurs unifilaires et de masse pour bouteilles, boites, cylindres, pots, sprays, f\u00fbts&#8230; En outre, nous fournissons des aligneurs pression et sans pression, des tables d&rsquo;accumulation FIFO et LIFO, des diviseurs \u00e0 plusieurs bandes, etc. Gr\u00e2ce \u00e0 des commandes intelligentes, tous nos produits sont adapt\u00e9s \u00e0 des vitesses faibles \u00e0 tr\u00e8s \u00e9lev\u00e9es. En ce qui concerne les emballages secondaires, nous proposons des convoyeurs pour barquettes, films \u00e9tirables, caisses, cartons, etc. qui se d\u00e9placent \u00e0 travers la ligne de conditionnement vers le palettiseur. Il s&rsquo;agit notamment de convoyeurs \u00e0 une seule voie, de convoyeurs \u00e0 plusieurs voies, de syst\u00e8mes accumulatifs \u00e0 basse pression, de diviseurs, d&rsquo;amalgameurs, de convoyeurs \u00e9l\u00e9vateurs, de convoyeurs d&rsquo;arr\u00eat, le tout avec des guides r\u00e9glables pour toutes les configurations de produits et de conditionnement.[\/vc_column_text][\/vc_column_inner][\/vc_row_inner][\/vc_column][\/vc_row][vc_row css_animation=\u00a0\u00bb\u00a0\u00bb row_type=\u00a0\u00bbrow\u00a0\u00bb use_row_as_full_screen_section=\u00a0\u00bbno\u00a0\u00bb type=\u00a0\u00bbfull_width\u00a0\u00bb angled_section=\u00a0\u00bbno\u00a0\u00bb text_align=\u00a0\u00bbleft\u00a0\u00bb background_image_as_pattern=\u00a0\u00bbwithout_pattern\u00a0\u00bb css=\u00a0\u00bb.vc_custom_1560428908443{margin-bottom: 40px !important;border-bottom-width: 10px !important;border-bottom-color: #34ccb7 !important;border-bottom-style: solid !important;}\u00a0\u00bb z_index=\u00a0\u00bb\u00a0\u00bb][vc_column][vc_column_text]\n    <div class=\"products-slider other-p-slider\" dir=\"rtl\">\n                                                    <div class=\"product-slide product-slide-Alimentaire\">\n                    <img src=\"https:\/\/www.legendre.be\/wp-content\/uploads\/2019\/09\/food-2.png\" alt=\"Alimentaire\">\n                    <div class=\"product-popup-content\">\n                    <a class=\"start-conveyor\" style=\"transition: none 0s ease 0s; text-align: inherit; line-height: 26px; border-width: 0px; margin: 10px 0px 0px; padding: 0px; letter-spacing: 0px; font-weight: 400; font-size: 14px;\">Start onze transportband<\/a>\n\n                        <p class=\"product-title\">Alimentaire<\/p>\n                        <p><\/p>\n                    <\/div>\n                <\/div>\n                                            <div class=\"product-slide product-slide-Emballage secondaire\">\n                    <img src=\"https:\/\/www.legendre.be\/wp-content\/uploads\/2019\/09\/secundair-nieuw-extra.png\" alt=\"Emballage secondaire\">\n                    <div class=\"product-popup-content\">\n                    <a class=\"start-conveyor\" style=\"transition: none 0s ease 0s; text-align: inherit; line-height: 26px; border-width: 0px; margin: 10px 0px 0px; padding: 0px; letter-spacing: 0px; font-weight: 400; font-size: 14px;\">Start onze transportband<\/a>\n\n                        <p class=\"product-title\">Emballage secondaire<\/p>\n                        <p><\/p>\n                    <\/div>\n                <\/div>\n                                            <div class=\"product-slide product-slide-Non alimentaire\">\n                    <img src=\"https:\/\/www.legendre.be\/wp-content\/uploads\/2019\/09\/non-food.png\" alt=\"Non alimentaire\">\n                    <div class=\"product-popup-content\">\n                    <a class=\"start-conveyor\" style=\"transition: none 0s ease 0s; text-align: inherit; line-height: 26px; border-width: 0px; margin: 10px 0px 0px; padding: 0px; letter-spacing: 0px; font-weight: 400; font-size: 14px;\">Start onze transportband<\/a>\n\n                        <p class=\"product-title\">Non alimentaire<\/p>\n                        <p><\/p>\n                    <\/div>\n                <\/div>\n                                            <div class=\"product-slide product-slide-Boissons\">\n                    <img src=\"https:\/\/www.legendre.be\/wp-content\/uploads\/2019\/09\/dranken-2.png\" alt=\"Boissons\">\n                    <div class=\"product-popup-content\">\n                    <a class=\"start-conveyor\" style=\"transition: none 0s ease 0s; text-align: inherit; line-height: 26px; border-width: 0px; margin: 10px 0px 0px; padding: 0px; letter-spacing: 0px; font-weight: 400; font-size: 14px;\">Start onze transportband<\/a>\n\n                        <p class=\"product-title\">Boissons<\/p>\n                        <p><\/p>\n                    <\/div>\n                <\/div>\n                                            <div class=\"product-slide product-slide-Emballage secondaire\">\n                    <img src=\"https:\/\/www.legendre.be\/wp-content\/uploads\/2019\/09\/secundair-2.png\" alt=\"Emballage secondaire\">\n                    <div class=\"product-popup-content\">\n                    <a class=\"start-conveyor\" style=\"transition: none 0s ease 0s; text-align: inherit; line-height: 26px; border-width: 0px; margin: 10px 0px 0px; padding: 0px; letter-spacing: 0px; font-weight: 400; font-size: 14px;\">Start onze transportband<\/a>\n\n                        <p class=\"product-title\">Emballage secondaire<\/p>\n                        <p><\/p>\n                    <\/div>\n                <\/div>\n                        <\/div>\n\n    [\/vc_column_text][\/vc_column][\/vc_row][vc_row css_animation=\u00a0\u00bb\u00a0\u00bb row_type=\u00a0\u00bbrow\u00a0\u00bb use_row_as_full_screen_section=\u00a0\u00bbno\u00a0\u00bb type=\u00a0\u00bbgrid\u00a0\u00bb angled_section=\u00a0\u00bbno\u00a0\u00bb text_align=\u00a0\u00bbleft\u00a0\u00bb background_image_as_pattern=\u00a0\u00bbwithout_pattern\u00a0\u00bb z_index=\u00a0\u00bb\u00a0\u00bb][vc_column width=\u00a0\u00bb1\/2&Prime;][vc_column_text el_class=\u00a0\u00bbnon_h1&Prime;]Convoyeurs pour r\u00e9cipients<br \/>\n[\/vc_column_text][vc_column_text]Les mat\u00e9riaux utilis\u00e9s pour la construction de nos produits sont de la meilleure qualit\u00e9 et vous garantissent une hygi\u00e8ne maximale et une longue dur\u00e9e de vie.<\/p>\n<ul>\n<li>Pour bouteilles, boites, pots, bocaux, tubes, sprays, bouteilles, tetrapaks, petits f\u00fbts&#8230;<\/li>\n<li>Pour r\u00e9cipients en verre, PET, PEHD, aluminium, verre&#8230;<\/li>\n<li>D\u00e9bit simple et d\u00e9bit massique<\/li>\n<li>Syst\u00e8mes accumulatifs FIFO ou FILO, aligneurs avec ou sans pression<\/li>\n<\/ul>\n[\/vc_column_text][vc_empty_space height=\u00a0\u00bb50px\u00a0\u00bb][\/vc_column][vc_column width=\u00a0\u00bb1\/2&Prime;][vc_column_text el_class=\u00a0\u00bbnon_h1&Prime;]Convoyeurs pour produits conditionn\u00e9s[\/vc_column_text][vc_column_text]Tous nos convoyeurs sont dessin\u00e9s par notre bureau de conception et assembl\u00e9s dans notre propre atelier. Cela garantit un montage pr\u00e9cis et un produit de qualit\u00e9. Les convoyeurs sont fabriqu\u00e9s avec des guides r\u00e9glables, ce qui nous permet de r\u00e9pondre \u00e0 toutes les configurations de produits et conditionnement.<\/p>\n<ul>\n<li>Pour barquettes emballages thermoform\u00e9s, bo\u00eetes, caisses, bacs, f\u00fbts\u2026<\/li>\n<li>Pour les emballages en carton, plastique, films plastiques\u2026<\/li>\n<li>Convoyeurs \u00e0 une seule voie, convoyeurs \u00e0 plusieurs voies, syst\u00e8mes accumulatifs \u00e0 basse pression, diviseurs, amalgameurs, convoyeurs \u00e9l\u00e9vateurs et convoyeurs d&rsquo;arr\u00eat<\/li>\n<\/ul>\n[\/vc_column_text][\/vc_column][\/vc_row][vc_row css_animation=\u00a0\u00bb\u00a0\u00bb row_type=\u00a0\u00bbrow\u00a0\u00bb use_row_as_full_screen_section=\u00a0\u00bbno\u00a0\u00bb type=\u00a0\u00bbfull_width\u00a0\u00bb angled_section=\u00a0\u00bbno\u00a0\u00bb text_align=\u00a0\u00bbleft\u00a0\u00bb background_image_as_pattern=\u00a0\u00bbwithout_pattern\u00a0\u00bb][vc_column][vc_empty_space height=\u00a0\u00bb25px\u00a0\u00bb][\/vc_column][\/vc_row][vc_row css_animation=\u00a0\u00bb\u00a0\u00bb row_type=\u00a0\u00bbrow\u00a0\u00bb use_row_as_full_screen_section=\u00a0\u00bbno\u00a0\u00bb type=\u00a0\u00bbgrid\u00a0\u00bb angled_section=\u00a0\u00bbno\u00a0\u00bb text_align=\u00a0\u00bbleft\u00a0\u00bb background_image_as_pattern=\u00a0\u00bbwithout_pattern\u00a0\u00bb z_index=\u00a0\u00bb\u00a0\u00bb][vc_column width=\u00a0\u00bb1\/2&Prime;][vc_column_text el_class=\u00a0\u00bbnon_h1&Prime;]Convoyage int\u00e9gral par Legendre Conveyors[\/vc_column_text][vc_column_text]Vous d\u00e9couvrez ci-contre la vid\u00e9o d\u2019une installation de ligne PET compl\u00e8te avec convoyeurs de Legendre Conveyors pour tous les emballages primaires (bouteilles) et secondaires (packs). L\u2019int\u00e9gration de la communication entre machines et convoyeurs et le management des vitesses des machines en fonction des \u00e9tats de ligne est enti\u00e8rement r\u00e9alis\u00e9e par Legendre Conveyors. En remerciant Emmetti spa pour la mise \u00e0 disposition des images.[\/vc_column_text][vc_empty_space height=\u00a0\u00bb120px\u00a0\u00bb][vc_gallery type=\u00a0\u00bbimage_grid\u00a0\u00bb images=\u00a0\u00bb512,492,2576,1106,1928,1976,2522,1910,2477,2309,820,1973,2462,1904,1898,1907,2456,1858,2333,803&Prime; img_size=\u00a0\u00bb700&#215;525&Prime; column_number=\u00a0\u00bb2&Prime; grayscale=\u00a0\u00bbno\u00a0\u00bb images_space=\u00a0\u00bbgallery_with_space\u00a0\u00bb css=\u00a0\u00bb.vc_custom_1577364469035{margin-top: 20px !important;margin-bottom: 20px !important;}\u00a0\u00bb][\/vc_column][vc_column width=\u00a0\u00bb1\/2&Prime;][vc_video link=\u00a0\u00bbhttps:\/\/vimeo.com\/381315804\/3890175438&Prime; align=\u00a0\u00bbcenter\u00a0\u00bb][vc_gallery type=\u00a0\u00bbimage_grid\u00a0\u00bb images=\u00a0\u00bb1955,1922,2682,1892,1937,2685,1883,1901,1946,1919,2679,1886,1961,1931,1913,2447,2315,2468,1934&Prime; img_size=\u00a0\u00bb700&#215;525&Prime; column_number=\u00a0\u00bb2&Prime; grayscale=\u00a0\u00bbno\u00a0\u00bb images_space=\u00a0\u00bbgallery_with_space\u00a0\u00bb css=\u00a0\u00bb.vc_custom_1577465130829{margin-top: 20px !important;margin-bottom: 20px !important;}\u00a0\u00bb][\/vc_column][\/vc_row][vc_row css_animation=\u00a0\u00bb\u00a0\u00bb row_type=\u00a0\u00bbrow\u00a0\u00bb use_row_as_full_screen_section=\u00a0\u00bbno\u00a0\u00bb type=\u00a0\u00bbfull_width\u00a0\u00bb angled_section=\u00a0\u00bbno\u00a0\u00bb text_align=\u00a0\u00bbleft\u00a0\u00bb background_image_as_pattern=\u00a0\u00bbwithout_pattern\u00a0\u00bb z_index=\u00a0\u00bb\u00a0\u00bb background_color=\u00a0\u00bb#2666e2&Prime; css=\u00a0\u00bb.vc_custom_1559132382911{padding-bottom: 20px !important;}\u00a0\u00bb el_class=\u00a0\u00bbbar\u00a0\u00bb][vc_column][vc_row_inner row_type=\u00a0\u00bbrow\u00a0\u00bb type=\u00a0\u00bbgrid\u00a0\u00bb text_align=\u00a0\u00bbleft\u00a0\u00bb css_animation=\u00a0\u00bb\u00a0\u00bb css=\u00a0\u00bb.vc_custom_1559132481257{padding-top: 20px !important;}\u00a0\u00bb][vc_column_inner width=\u00a0\u00bb2\/3&Prime;][vc_column_text el_class=\u00a0\u00bbbar_txt\u00a0\u00bb]Le rendement optimal de votre ligne ne se trouve qu\u2019\u00e0 un seul clic<\/p>\n[\/vc_column_text][\/vc_column_inner][vc_column_inner width=\u00a0\u00bb1\/3&Prime;]\n\n\t<a href=\"\/fr\/contact\/\" target=\"_self\"  class=\"qode-btn qode-btn-medium qode-btn-solid cta-btn-home qode-btn-default-hover\"  >\n\t    <span class=\"qode-btn-text\">Contactez-nous<\/span>\t<\/a>\n\n[\/vc_column_inner][\/vc_row_inner][\/vc_column][\/vc_row][vc_row css_animation=\u00a0\u00bb\u00a0\u00bb row_type=\u00a0\u00bbrow\u00a0\u00bb use_row_as_full_screen_section=\u00a0\u00bbno\u00a0\u00bb type=\u00a0\u00bbgrid\u00a0\u00bb angled_section=\u00a0\u00bbno\u00a0\u00bb text_align=\u00a0\u00bbleft\u00a0\u00bb background_image_as_pattern=\u00a0\u00bbwithout_pattern\u00a0\u00bb z_index=\u00a0\u00bb\u00a0\u00bb el_class=\u00a0\u00bbseo\u00a0\u00bb][vc_column][vc_row_inner row_type=\u00a0\u00bbrow\u00a0\u00bb type=\u00a0\u00bbgrid\u00a0\u00bb text_align=\u00a0\u00bbleft\u00a0\u00bb css_animation=\u00a0\u00bb\u00a0\u00bb el_class=\u00a0\u00bbseo_seo\u00a0\u00bb][vc_column_inner][vc_column_text]\n<h1>Des possibilit\u00e9s infinies dans le domaine des convoyeurs<\/h1>\n<p>&nbsp;<\/p>\n<p>\u00cates-vous \u00e0 la recherche d\u2019un <strong>convoyeur<\/strong> ? Nous proposons des convoyeurs \u00e0 d\u00e9bit unique et des convoyeurs \u00e0 d\u00e9bit massique. Nous disposons \u00e9galement de fili\u00e8res avec ou sans pression, de syst\u00e8mes accumulatifs FIFO et LIFO, de distributeurs vers plusieurs bandes, etc. Gr\u00e2ce \u00e0 des contr\u00f4les intelligents, tous nos produits conviennent \u00e0 des vitesses faibles ou tr\u00e8s \u00e9lev\u00e9es.<\/p>\n<p>&nbsp;<\/p>\n<p>Pour ce qui est des conditionnements secondaires, nous proposons des bandes transporteuses pour acheminer vos produits vers le palettiseur via la ligne de conditionnement. Il s\u2019agit de convoyeurs \u00e0 bande unique, de convoyeurs \u00e0 plusieurs bandes, d\u2019accumulation \u00e0 basse pression, de distributeurs, de conjugueurs, de bandes de levage, de bandes d\u2019arr\u00eat. Ces \u00e9quipements disposent tous des conducteurs adaptables pour toutes les configurations de produits et de conditionnement. Pouvons-nous examiner prochainement votre gestion de ligne ?<\/p>\n<p>&nbsp;<\/p>\n<h2>Int\u00e9gration parfaite des machines et des syst\u00e8mes de transport automatique<\/h2>\n<p>&nbsp;<\/p>\n<p>Nous concevons des bandes transporteuses pour diff\u00e9rents types de r\u00e9cipients et de produits emball\u00e9s : bouteilles, pots, bidons, Tetra Pak, aluminium, r\u00e9cipients en PET et autres mat\u00e9riaux, mais aussi des bandes pour des bo\u00eetes, des f\u00fbts, des caisses, etc., qui peuvent \u00eatre r\u00e9alis\u00e9es avec des conducteurs adaptables. Nos ing\u00e9nieurs \u00e9laborent la solution adapt\u00e9e \u00e0 votre produit et \u00e0 vos besoins. Pour ce faire, nous tenons compte de la capacit\u00e9 de la ligne, de l\u2019espace disponible, des positions des op\u00e9rateurs, des types de machines et des temps d\u2019accumulation. Pour quel objectif ? Optimisation et \u00ab int\u00e9gration \u00bb de votre flux, RSI \u00e9lev\u00e9 pour vous et la garantie de pouvoir vous concentrer sur vos activit\u00e9s principales. Nous travaillons par ailleurs avec un logiciel ouvert et accessible. Pas de bo\u00eete noire. Vous devez en effet pouvoir g\u00e9rer et entretenir votre ligne de mani\u00e8re ad\u00e9quate, \u00e0 tout moment.<\/p>\n<p>&nbsp;<\/p>\n<h3>Legendre, votre partenaire pour une ligne plus efficace<\/h3>\n<p>\u00ab We Convey \u2013 You Relax \u00bb, telle est notre devise depuis 1948. Nous avons repris les activit\u00e9s de Packing Creative Systems en 2013, ce qui nous permet de servir encore plus de <a title=\"Nos clients\" href=\"https:\/\/www.legendre.be\/projets\/?lang=fr\">clients.<\/a> Nous mettons \u00e0 profit les connaissances acquises au fil des ann\u00e9es pour relever chaque d\u00e9fi. D\u00e8s que vous nous soumettez votre projet, nous commen\u00e7ons \u00e0 r\u00e9fl\u00e9chir. De la phase de la conception \u00e0 la r\u00e9alisation efficace, \u00e0 temps.<\/p>\n<p>&nbsp;<\/p>\n<p>Nous sommes pr\u00e9sents dans le monde entier. Vous poss\u00e9dez un \u00e9tablissement en Belgique et vous souhaitez atteindre la m\u00eame efficacit\u00e9 pour votre usine situ\u00e9e \u00e0 l\u2019\u00e9tranger ? Gr\u00e2ce \u00e0 la pr\u00e9sence de <a title=\"Legendre Conveyors\" href=\"https:\/\/www.legendre.be\/a-propos-de-nous\/?lang=fr\">l\u2019\u00e9quipe de Legendre<\/a> \u00e0 vos c\u00f4t\u00e9s, vous avez l\u2019assurance que nous ferons appel au m\u00eame savoir-faire en termes de <em>convoyeur<\/em> afin de faire fonctionner et d\u2019optimiser le processus de mani\u00e8re aussi <a href=\"https:\/\/www.legendre.be\/automatisation-convoyeur\/?lang=fr\">optimale<\/a>. La solution id\u00e9ale pour les bandes transporteuses pour conteneurs et les bandes transporteuses pour biens emball\u00e9s ! <a title=\"Contactez-nous\" href=\"https:\/\/www.legendre.be\/fr\/contact\/\">Int\u00e9ress\u00e9(e)<\/a> ? Dites-nous quel est votre d\u00e9fi, et nous r\u00e9fl\u00e9chirons au syst\u00e8me de convoyeur qui vous satisfera, vous et votre \u00e9quipe.[\/vc_column_text][\/vc_column_inner][\/vc_row_inner][\/vc_column][\/vc_row]\n","protected":false},"excerpt":{"rendered":"<p>[vc_row css_animation=\u00a0\u00bb\u00a0\u00bb row_type=\u00a0\u00bbrow\u00a0\u00bb use_row_as_full_screen_section=\u00a0\u00bbno\u00a0\u00bb type=\u00a0\u00bbfull_width\u00a0\u00bb angled_section=\u00a0\u00bbno\u00a0\u00bb text_align=\u00a0\u00bbleft\u00a0\u00bb background_image_as_pattern=\u00a0\u00bbwithout_pattern\u00a0\u00bb css=\u00a0\u00bb.vc_custom_1560428925555{padding-top: 30px !important;padding-right: 30px !important;padding-bottom: 50px !important;padding-left: 30px !important;}\u00a0\u00bb z_index=\u00a0\u00bb\u00a0\u00bb background_image=\u00a0\u00bb628&Prime;][vc_column][vc_row_inner row_type=\u00a0\u00bbrow\u00a0\u00bb type=\u00a0\u00bbgrid\u00a0\u00bb text_align=\u00a0\u00bbleft\u00a0\u00bb css_animation=\u00a0\u00bb\u00a0\u00bb][vc_column_inner css=\u00a0\u00bb.vc_custom_1560428170590{padding-top: 75px !important;padding-right: 50px !important;padding-bottom: 75px !important;padding-left: 50px !important;background-color: #f4f4f4 !important;}\u00a0\u00bb][vc_column_text el_class=\u00a0\u00bbnon_h1&Prime;]D\u00e9couvrez toutes vos possibilit\u00e9s de convoyage[\/vc_column_text][vc_column_text]Nous proposons des convoyeurs unifilaires et&#8230;<\/p>\n","protected":false},"author":1,"featured_media":0,"parent":0,"menu_order":0,"comment_status":"closed","ping_status":"closed","template":"full_width.php","meta":{"_monsterinsights_skip_tracking":false,"_monsterinsights_sitenote_active":false,"_monsterinsights_sitenote_note":"","_monsterinsights_sitenote_category":0},"yoast_head":"<!-- This site is optimized with the Yoast SEO plugin v19.2 - https:\/\/yoast.com\/wordpress\/plugins\/seo\/ -->\n<title>Convoyeur | Bandes transporteuses | We Convey - You Relax | Legendre \u00bb<\/title>\n<meta name=\"description\" content=\"Avez-vous besoin d\u2019un convoyeur ? Tirez le maximum de vos lignes gr\u00e2ce \u00e0 Legendre. D\u00e9couvrez tout ce que nous pouvons vous proposer.\" \/>\n<meta name=\"robots\" content=\"index, follow, max-snippet:-1, max-image-preview:large, max-video-preview:-1\" \/>\n<link rel=\"canonical\" href=\"https:\/\/www.legendre.be\/fr\/conveyors\/\" \/>\n<meta property=\"og:locale\" content=\"fr_FR\" \/>\n<meta property=\"og:type\" content=\"article\" \/>\n<meta property=\"og:title\" content=\"Convoyeur | Bandes transporteuses | We Convey - You Relax | Legendre \u00bb\" \/>\n<meta property=\"og:description\" content=\"Avez-vous besoin d\u2019un convoyeur ? Tirez le maximum de vos lignes gr\u00e2ce \u00e0 Legendre. D\u00e9couvrez tout ce que nous pouvons vous proposer.\" \/>\n<meta property=\"og:url\" content=\"https:\/\/www.legendre.be\/fr\/conveyors\/\" \/>\n<meta property=\"og:site_name\" content=\"Legendre\" \/>\n<meta property=\"article:modified_time\" content=\"2020-01-02T09:40:39+00:00\" \/>\n<meta name=\"author\" content=\"georges\" \/>\n<meta name=\"twitter:card\" content=\"summary\" \/>\n<meta name=\"twitter:label1\" content=\"Dur\u00e9e de lecture estim\u00e9e\" \/>\n\t<meta name=\"twitter:data1\" content=\"8 minutes\" \/>\n<script type=\"application\/ld+json\" class=\"yoast-schema-graph\">{\"@context\":\"https:\/\/schema.org\",\"@graph\":[{\"@type\":\"WebSite\",\"@id\":\"https:\/\/www.legendre.be\/en\/#website\",\"url\":\"https:\/\/www.legendre.be\/en\/\",\"name\":\"Legendre\",\"description\":\"Website Legendre\",\"potentialAction\":[{\"@type\":\"SearchAction\",\"target\":{\"@type\":\"EntryPoint\",\"urlTemplate\":\"https:\/\/www.legendre.be\/en\/?s={search_term_string}\"},\"query-input\":\"required name=search_term_string\"}],\"inLanguage\":\"fr-FR\"},{\"@type\":\"WebPage\",\"@id\":\"https:\/\/www.legendre.be\/fr\/conveyors\/#webpage\",\"url\":\"https:\/\/www.legendre.be\/fr\/conveyors\/\",\"name\":\"Convoyeur | Bandes transporteuses | We Convey - You Relax | Legendre \u00bb\",\"isPartOf\":{\"@id\":\"https:\/\/www.legendre.be\/en\/#website\"},\"datePublished\":\"2019-08-14T09:25:04+00:00\",\"dateModified\":\"2020-01-02T09:40:39+00:00\",\"description\":\"Avez-vous besoin d\u2019un convoyeur ? Tirez le maximum de vos lignes gr\u00e2ce \u00e0 Legendre. D\u00e9couvrez tout ce que nous pouvons vous proposer.\",\"breadcrumb\":{\"@id\":\"https:\/\/www.legendre.be\/fr\/conveyors\/#breadcrumb\"},\"inLanguage\":\"fr-FR\",\"potentialAction\":[{\"@type\":\"ReadAction\",\"target\":[\"https:\/\/www.legendre.be\/fr\/conveyors\/\"]}]},{\"@type\":\"BreadcrumbList\",\"@id\":\"https:\/\/www.legendre.be\/fr\/conveyors\/#breadcrumb\",\"itemListElement\":[{\"@type\":\"ListItem\",\"position\":1,\"name\":\"Home\",\"item\":\"https:\/\/www.legendre.be\/fr\/\"},{\"@type\":\"ListItem\",\"position\":2,\"name\":\"Conveyors\"}]}]}<\/script>\n<!-- \/ Yoast SEO plugin. -->","yoast_head_json":{"title":"Convoyeur | Bandes transporteuses | We Convey - You Relax | Legendre \u00bb","description":"Avez-vous besoin d\u2019un convoyeur ? Tirez le maximum de vos lignes gr\u00e2ce \u00e0 Legendre. D\u00e9couvrez tout ce que nous pouvons vous proposer.","robots":{"index":"index","follow":"follow","max-snippet":"max-snippet:-1","max-image-preview":"max-image-preview:large","max-video-preview":"max-video-preview:-1"},"canonical":"https:\/\/www.legendre.be\/fr\/conveyors\/","og_locale":"fr_FR","og_type":"article","og_title":"Convoyeur | Bandes transporteuses | We Convey - You Relax | Legendre \u00bb","og_description":"Avez-vous besoin d\u2019un convoyeur ? Tirez le maximum de vos lignes gr\u00e2ce \u00e0 Legendre. D\u00e9couvrez tout ce que nous pouvons vous proposer.","og_url":"https:\/\/www.legendre.be\/fr\/conveyors\/","og_site_name":"Legendre","article_modified_time":"2020-01-02T09:40:39+00:00","author":"georges","twitter_card":"summary","twitter_misc":{"Dur\u00e9e de lecture estim\u00e9e":"8 minutes"},"schema":{"@context":"https:\/\/schema.org","@graph":[{"@type":"WebSite","@id":"https:\/\/www.legendre.be\/en\/#website","url":"https:\/\/www.legendre.be\/en\/","name":"Legendre","description":"Website Legendre","potentialAction":[{"@type":"SearchAction","target":{"@type":"EntryPoint","urlTemplate":"https:\/\/www.legendre.be\/en\/?s={search_term_string}"},"query-input":"required name=search_term_string"}],"inLanguage":"fr-FR"},{"@type":"WebPage","@id":"https:\/\/www.legendre.be\/fr\/conveyors\/#webpage","url":"https:\/\/www.legendre.be\/fr\/conveyors\/","name":"Convoyeur | Bandes transporteuses | We Convey - You Relax | Legendre \u00bb","isPartOf":{"@id":"https:\/\/www.legendre.be\/en\/#website"},"datePublished":"2019-08-14T09:25:04+00:00","dateModified":"2020-01-02T09:40:39+00:00","description":"Avez-vous besoin d\u2019un convoyeur ? Tirez le maximum de vos lignes gr\u00e2ce \u00e0 Legendre. D\u00e9couvrez tout ce que nous pouvons vous proposer.","breadcrumb":{"@id":"https:\/\/www.legendre.be\/fr\/conveyors\/#breadcrumb"},"inLanguage":"fr-FR","potentialAction":[{"@type":"ReadAction","target":["https:\/\/www.legendre.be\/fr\/conveyors\/"]}]},{"@type":"BreadcrumbList","@id":"https:\/\/www.legendre.be\/fr\/conveyors\/#breadcrumb","itemListElement":[{"@type":"ListItem","position":1,"name":"Home","item":"https:\/\/www.legendre.be\/fr\/"},{"@type":"ListItem","position":2,"name":"Conveyors"}]}]}},"_links":{"self":[{"href":"https:\/\/www.legendre.be\/fr\/wp-json\/wp\/v2\/pages\/1147"}],"collection":[{"href":"https:\/\/www.legendre.be\/fr\/wp-json\/wp\/v2\/pages"}],"about":[{"href":"https:\/\/www.legendre.be\/fr\/wp-json\/wp\/v2\/types\/page"}],"author":[{"embeddable":true,"href":"https:\/\/www.legendre.be\/fr\/wp-json\/wp\/v2\/users\/1"}],"replies":[{"embeddable":true,"href":"https:\/\/www.legendre.be\/fr\/wp-json\/wp\/v2\/comments?post=1147"}],"version-history":[{"count":26,"href":"https:\/\/www.legendre.be\/fr\/wp-json\/wp\/v2\/pages\/1147\/revisions"}],"predecessor-version":[{"id":2772,"href":"https:\/\/www.legendre.be\/fr\/wp-json\/wp\/v2\/pages\/1147\/revisions\/2772"}],"wp:attachment":[{"href":"https:\/\/www.legendre.be\/fr\/wp-json\/wp\/v2\/media?parent=1147"}],"curies":[{"name":"wp","href":"https:\/\/api.w.org\/{rel}","templated":true}]}}