{"id":1560,"date":"2019-09-13T14:51:56","date_gmt":"2019-09-13T14:51:56","guid":{"rendered":"https:\/\/www.legendre.be\/?page_id=1560"},"modified":"2019-11-20T09:38:16","modified_gmt":"2019-11-20T09:38:16","slug":"montage-convoyeur","status":"publish","type":"page","link":"https:\/\/www.legendre.be\/fr\/montage-convoyeur\/","title":{"rendered":"Montage convoyeur"},"content":{"rendered":"[vc_row css_animation=\u00a0\u00bb\u00a0\u00bb row_type=\u00a0\u00bbrow\u00a0\u00bb use_row_as_full_screen_section=\u00a0\u00bbno\u00a0\u00bb type=\u00a0\u00bbgrid\u00a0\u00bb angled_section=\u00a0\u00bbno\u00a0\u00bb text_align=\u00a0\u00bbleft\u00a0\u00bb background_image_as_pattern=\u00a0\u00bbwithout_pattern\u00a0\u00bb z_index=\u00a0\u00bb\u00a0\u00bb][vc_column][vc_row_inner row_type=\u00a0\u00bbrow\u00a0\u00bb type=\u00a0\u00bbgrid\u00a0\u00bb text_align=\u00a0\u00bbleft\u00a0\u00bb css_animation=\u00a0\u00bb\u00a0\u00bb][vc_column_inner][vc_column_text el_class=\u00a0\u00bbh1_seo\u00a0\u00bb]\n<h1 class=\"p1\">Montage convoyeur<\/h1>\n[\/vc_column_text][\/vc_column_inner][\/vc_row_inner][\/vc_column][\/vc_row][vc_row css_animation=\u00a0\u00bb\u00a0\u00bb row_type=\u00a0\u00bbrow\u00a0\u00bb use_row_as_full_screen_section=\u00a0\u00bbno\u00a0\u00bb type=\u00a0\u00bbgrid\u00a0\u00bb angled_section=\u00a0\u00bbno\u00a0\u00bb text_align=\u00a0\u00bbleft\u00a0\u00bb background_image_as_pattern=\u00a0\u00bbwithout_pattern\u00a0\u00bb z_index=\u00a0\u00bb\u00a0\u00bb el_class=\u00a0\u00bbseo bg_line\u00a0\u00bb][vc_column][vc_row_inner row_type=\u00a0\u00bbrow\u00a0\u00bb type=\u00a0\u00bbgrid\u00a0\u00bb text_align=\u00a0\u00bbleft\u00a0\u00bb css_animation=\u00a0\u00bb\u00a0\u00bb][vc_column_inner width=\u00a0\u00bb1\/2&Prime;][vc_gallery interval=\u00a0\u00bb3&Prime; images=\u00a0\u00bb643,644,645,646&Prime; img_size=\u00a0\u00bbfull\u00a0\u00bb][\/vc_column_inner][vc_column_inner width=\u00a0\u00bb1\/2&Prime; css=\u00a0\u00bb.vc_custom_1568035343406{margin-bottom: 30px !important;}\u00a0\u00bb][vc_column_text]\n<h2>Legendre : votre partenaire pour le montage de convoyeurs<\/h2>\n<p>&nbsp;<\/p>\n<p>Tout doit continuer \u00e0 fonctionner dans votre entreprise. Le plus efficacement possible, avec le moins de d\u00e9marrages\/arr\u00eats possible. Vous pouvez ainsi vous concentrer sur vos activit\u00e9s principales. Optimisation de la configuration de la ligne et des zones d\u2019accumulation, logiciel ouvert et accessible afin que vos \u00e9quipes puissent g\u00e9rer la ligne elles-m\u00eames, int\u00e9gration parfaite des machines et des bandes transporteuses, solutions visant \u00e0 \u00e9conomiser des co\u00fbts et optimiser les capacit\u00e9s\u2026 Ces \u00e9l\u00e9ments contribuent tous \u00e0 ce que l\u2019ensemble du processus se d\u00e9roule efficacement.<\/p>\n<p>&nbsp;<\/p>\n<p>Avez-vous besoin d\u2019une solution pour optimiser et automatiser votre flux ? Dans ce cas, vous pouvez compter sur Legendre en tant que partenaire pour le <strong>montage convoyeur<\/strong>.[\/vc_column_text][\/vc_column_inner][\/vc_row_inner][\/vc_column][\/vc_row][vc_row css_animation=\u00a0\u00bb\u00a0\u00bb row_type=\u00a0\u00bbrow\u00a0\u00bb use_row_as_full_screen_section=\u00a0\u00bbno\u00a0\u00bb type=\u00a0\u00bbgrid\u00a0\u00bb angled_section=\u00a0\u00bbno\u00a0\u00bb text_align=\u00a0\u00bbleft\u00a0\u00bb background_image_as_pattern=\u00a0\u00bbwithout_pattern\u00a0\u00bb z_index=\u00a0\u00bb\u00a0\u00bb css=\u00a0\u00bb.vc_custom_1568035329677{margin-bottom: 50px !important;}\u00a0\u00bb][vc_column][vc_row_inner row_type=\u00a0\u00bbrow\u00a0\u00bb type=\u00a0\u00bbgrid\u00a0\u00bb text_align=\u00a0\u00bbleft\u00a0\u00bb css_animation=\u00a0\u00bb\u00a0\u00bb css=\u00a0\u00bb.vc_custom_1568035886746{border-top-width: 1px !important;border-right-width: 1px !important;border-bottom-width: 1px !important;border-left-width: 1px !important;padding-top: 20px !important;padding-bottom: 20px !important;border-left-color: #e5e5e5 !important;border-left-style: solid !important;border-right-color: #e5e5e5 !important;border-right-style: solid !important;border-top-color: #e5e5e5 !important;border-top-style: solid !important;border-bottom-color: #e5e5e5 !important;border-bottom-style: solid !important;}\u00a0\u00bb border_color=\u00a0\u00bb#cecece\u00a0\u00bb el_class=\u00a0\u00bbseo_usp\u00a0\u00bb][vc_column_inner width=\u00a0\u00bb1\/3&Prime; css=\u00a0\u00bb.vc_custom_1568032516036{margin-top: 10px !important;margin-right: 10px !important;margin-bottom: 10px !important;margin-left: 10px !important;}\u00a0\u00bb][vc_column_text el_class=\u00a0\u00bbnon_h6_seo\u00a0\u00bb]\n<p style=\"text-align: center;\">La solution id\u00e9ale pour votre ligne de production<\/p>\n[\/vc_column_text][vc_column_text]\n<p style=\"text-align: center;\">Legendre assure une int\u00e9gration parfaite des machines et convoyeurs avec un acc\u00e8s ouvert sur le programme de l\u2019automatisme.<\/p>\n[\/vc_column_text][\/vc_column_inner][vc_column_inner width=\u00a0\u00bb1\/3&Prime; css=\u00a0\u00bb.vc_custom_1568032501515{margin-top: 10px !important;margin-right: 10px !important;margin-bottom: 10px !important;margin-left: 10px !important;}\u00a0\u00bb][vc_column_text el_class=\u00a0\u00bbnon_h6_seo\u00a0\u00bb]\n<p style=\"text-align: center;\">Tirez le meilleur parti de vos lignes<\/p>\n[\/vc_column_text][vc_column_text]\n<p style=\"text-align: center;\">Nous cr\u00e9ons des lignes dans le but d\u2019am\u00e9liorer leur conception et celle des zones d\u2019accumulation.<\/p>\n[\/vc_column_text][\/vc_column_inner][vc_column_inner width=\u00a0\u00bb1\/3&Prime; css=\u00a0\u00bb.vc_custom_1568032478825{margin-top: 10px !important;margin-right: 10px !important;margin-bottom: 10px !important;margin-left: 10px !important;}\u00a0\u00bb][vc_column_text el_class=\u00a0\u00bbnon_h6_seo\u00a0\u00bb]\n<p style=\"text-align: center;\">Concentrez-vous en toute s\u00e9r\u00e9nit\u00e9<br \/>\nsur votre c\u0153ur de m\u00e9tier<\/p>\n[\/vc_column_text][vc_column_text]\n<p style=\"text-align: center;\">Legendre assure un fonctionnement optimal des lignes de production afin que vous puissiez vousconcentrer sur votre c\u0153ur de m\u00e9tier.<\/p>\n[\/vc_column_text][\/vc_column_inner][\/vc_row_inner][\/vc_column][\/vc_row][vc_row css_animation=\u00a0\u00bb\u00a0\u00bb row_type=\u00a0\u00bbrow\u00a0\u00bb use_row_as_full_screen_section=\u00a0\u00bbno\u00a0\u00bb type=\u00a0\u00bbgrid\u00a0\u00bb angled_section=\u00a0\u00bbno\u00a0\u00bb text_align=\u00a0\u00bbleft\u00a0\u00bb background_image_as_pattern=\u00a0\u00bbwithout_pattern\u00a0\u00bb el_class=\u00a0\u00bbbar\u00a0\u00bb z_index=\u00a0\u00bb\u00a0\u00bb css=\u00a0\u00bb.vc_custom_1568034643475{margin-bottom: 30px !important;padding-top: 20px !important;padding-bottom: 20px !important;}\u00a0\u00bb background_color=\u00a0\u00bb#2666e2&Prime;][vc_column][vc_row_inner row_type=\u00a0\u00bbrow\u00a0\u00bb type=\u00a0\u00bbgrid\u00a0\u00bb text_align=\u00a0\u00bbleft\u00a0\u00bb css_animation=\u00a0\u00bb\u00a0\u00bb][vc_column_inner width=\u00a0\u00bb2\/3&Prime;][vc_column_text el_class=\u00a0\u00bbbar_txt\u00a0\u00bb]Le rendement optimal de votre ligne ne se trouve qu\u2019\u00e0 un seul clic<\/p>\n[\/vc_column_text][\/vc_column_inner][vc_column_inner width=\u00a0\u00bb1\/3&Prime;]\n\n\t<a href=\"https:\/\/www.legendre.be\/fr\/contact\/\" target=\"_self\"  class=\"qode-btn qode-btn-medium qode-btn-solid cta-btn-home qode-btn-default-hover\"  >\n\t    <span class=\"qode-btn-text\">Contactez-nous<\/span>\t<\/a>\n\n[\/vc_column_inner][\/vc_row_inner][\/vc_column][\/vc_row][vc_row css_animation=\u00a0\u00bb\u00a0\u00bb row_type=\u00a0\u00bbrow\u00a0\u00bb use_row_as_full_screen_section=\u00a0\u00bbno\u00a0\u00bb type=\u00a0\u00bbgrid\u00a0\u00bb angled_section=\u00a0\u00bbno\u00a0\u00bb text_align=\u00a0\u00bbleft\u00a0\u00bb background_image_as_pattern=\u00a0\u00bbwithout_pattern\u00a0\u00bb z_index=\u00a0\u00bb\u00a0\u00bb el_class=\u00a0\u00bbseo\u00a0\u00bb][vc_column][vc_row_inner row_type=\u00a0\u00bbrow\u00a0\u00bb type=\u00a0\u00bbgrid\u00a0\u00bb text_align=\u00a0\u00bbleft\u00a0\u00bb css_animation=\u00a0\u00bb\u00a0\u00bb el_class=\u00a0\u00bbseo_seo\u00a0\u00bb][vc_column_inner][vc_column_text]\n<h3>Nous concevons avec vous un convoyeur sur mesure<\/h3>\n<p>Un r\u00e9glage parfait des bandes transporteuses, des amortisseurs et des machines assure un flux optimal. Mieux. Plus rapide. Plus efficace. Tout en faisant des \u00e9conomies de co\u00fbts. Voil\u00e0 notre objectif. Quel que soit le d\u00e9fi que vous nous lanciez, nous mettons \u00e0 votre disposition nos 70 ann\u00e9es d\u2019exp\u00e9rience ainsi que l\u2019expertise et la flexibilit\u00e9 allant de pair afin de trouver, ensemble, la meilleure solution. Une solution qui sera bien accueillie par vos \u00e9quipes, qui optimisera le rendement de votre ligne de production et qui vous permettra d\u2019utiliser vos capacit\u00e9s au maximum. Avez-vous une pr\u00e9f\u00e9rence pour certaines machines ou certaines marques ? Aucun probl\u00e8me. Nous travaillons en toute ind\u00e9pendance par rapport aux marques et veillons \u00e0 une int\u00e9gration parfaite de l\u2019ensemble du processus. Gestion de la ligne jusqu\u2019aux moindres d\u00e9tails !<\/p>\n<p>&nbsp;<\/p>\n<p>Les syst\u00e8mes de transport n\u2019ont aucun secret pour <a title=\"A propos de nous\" href=\"https:\/\/www.legendre.be\/a-propos-de-nous\/?lang=fr\">Legendre.<\/a> Depuis 1948, nous construisons et g\u00e9rons des bandes transporteuses compl\u00e8tes pour <a title=\"Nos projets\" href=\"https:\/\/www.legendre.be\/projets\/?lang=fr\">diff\u00e9rents types de clients<\/a>. \u00ab We Convey \u2013 You Relax \u00bb, telle est notre devise. Nous avons par ailleurs renforc\u00e9 nos activit\u00e9s principales depuis 2013, avec la reprise de la soci\u00e9t\u00e9 Packing Creative Systems. Aujourd\u2019hui, nous \u00e9laborons des projets pour le monde entier. En plus de poss\u00e9der un \u00e9tablissement en Belgique, vous avez \u00e9galement une usine \u00e0 l\u2019\u00e9tranger, en Europe ou ailleurs ? Vous pouvez \u00e9galement compter sur les \u00e9quipes de Legendre pour le montage convoyeur et l\u2019optimisation de votre ligne de production.<\/p>\n<h4>Nous montons votre bande transporteuse sur place<\/h4>\n<p>\u2026 ou nous aidons vos propres \u00e9quipes \u00e0 construire l\u2019installation. En fonction de votre d\u00e9lai et de vos besoins, nos monteurs internes se chargent du <em>montage convoyeur<\/em>, que ce soit sur place ou \u00e0 distance. De plus, un de nos programmeurs d\u00e9marre la nouvelle ligne. Si vous avez besoin d\u2019assistance par la suite, nous enverrons un de nos collaborateurs afin de r\u00e9soudre le probl\u00e8me au plus vite. Nous garantissons la qualit\u00e9 dont vous avez besoin gr\u00e2ce \u00e0 des pi\u00e8ces de rechange issues de nos propres ateliers ou de fournisseurs fiables. <a title=\"Contactez-nous\" href=\"https:\/\/www.legendre.be\/fr\/contact\/\">Faites appel \u00e0 Legendre<\/a> pour le montage des bandes transporteuses ![\/vc_column_text][\/vc_column_inner][\/vc_row_inner][\/vc_column][\/vc_row]\n","protected":false},"excerpt":{"rendered":"<p>[vc_row css_animation=\u00a0\u00bb\u00a0\u00bb row_type=\u00a0\u00bbrow\u00a0\u00bb use_row_as_full_screen_section=\u00a0\u00bbno\u00a0\u00bb type=\u00a0\u00bbgrid\u00a0\u00bb angled_section=\u00a0\u00bbno\u00a0\u00bb text_align=\u00a0\u00bbleft\u00a0\u00bb background_image_as_pattern=\u00a0\u00bbwithout_pattern\u00a0\u00bb z_index=\u00a0\u00bb\u00a0\u00bb][vc_column][vc_row_inner row_type=\u00a0\u00bbrow\u00a0\u00bb type=\u00a0\u00bbgrid\u00a0\u00bb text_align=\u00a0\u00bbleft\u00a0\u00bb css_animation=\u00a0\u00bb\u00a0\u00bb][vc_column_inner][vc_column_text el_class=\u00a0\u00bbh1_seo\u00a0\u00bb] Montage convoyeur [\/vc_column_text][\/vc_column_inner][\/vc_row_inner][\/vc_column][\/vc_row][vc_row css_animation=\u00a0\u00bb\u00a0\u00bb row_type=\u00a0\u00bbrow\u00a0\u00bb use_row_as_full_screen_section=\u00a0\u00bbno\u00a0\u00bb type=\u00a0\u00bbgrid\u00a0\u00bb angled_section=\u00a0\u00bbno\u00a0\u00bb text_align=\u00a0\u00bbleft\u00a0\u00bb background_image_as_pattern=\u00a0\u00bbwithout_pattern\u00a0\u00bb z_index=\u00a0\u00bb\u00a0\u00bb el_class=\u00a0\u00bbseo bg_line\u00a0\u00bb][vc_column][vc_row_inner row_type=\u00a0\u00bbrow\u00a0\u00bb type=\u00a0\u00bbgrid\u00a0\u00bb text_align=\u00a0\u00bbleft\u00a0\u00bb css_animation=\u00a0\u00bb\u00a0\u00bb][vc_column_inner width=\u00a0\u00bb1\/2&Prime;][vc_gallery interval=\u00a0\u00bb3&Prime; images=\u00a0\u00bb643,644,645,646&Prime; img_size=\u00a0\u00bbfull\u00a0\u00bb][\/vc_column_inner][vc_column_inner width=\u00a0\u00bb1\/2&Prime; css=\u00a0\u00bb.vc_custom_1568035343406{margin-bottom: 30px !important;}\u00a0\u00bb][vc_column_text] Legendre : votre partenaire pour le&#8230;<\/p>\n","protected":false},"author":1,"featured_media":0,"parent":0,"menu_order":0,"comment_status":"closed","ping_status":"closed","template":"full_width.php","meta":{"_monsterinsights_skip_tracking":false,"_monsterinsights_sitenote_active":false,"_monsterinsights_sitenote_note":"","_monsterinsights_sitenote_category":0},"yoast_head":"<!-- This site is optimized with the Yoast SEO plugin v19.2 - https:\/\/yoast.com\/wordpress\/plugins\/seo\/ -->\n<title>Montage convoyeur sur mesure | We Convey - You Relax | Legendre\u00a0\u00bb<\/title>\n<meta name=\"description\" content=\"Vous pouvez compter sur Legendre pour un fonctionnement de ligne optimal. Optez aussi pour nous pour le montage d&#039;un convoyeur sur mesure et l\u2019assistance.\" \/>\n<meta name=\"robots\" content=\"index, follow, max-snippet:-1, max-image-preview:large, max-video-preview:-1\" \/>\n<link rel=\"canonical\" href=\"https:\/\/www.legendre.be\/fr\/montage-convoyeur\/\" \/>\n<meta property=\"og:locale\" content=\"fr_FR\" \/>\n<meta property=\"og:type\" content=\"article\" \/>\n<meta property=\"og:title\" content=\"Montage convoyeur sur mesure | We Convey - You Relax | Legendre\u00a0\u00bb\" \/>\n<meta property=\"og:description\" content=\"Vous pouvez compter sur Legendre pour un fonctionnement de ligne optimal. Optez aussi pour nous pour le montage d&#039;un convoyeur sur mesure et l\u2019assistance.\" \/>\n<meta property=\"og:url\" content=\"https:\/\/www.legendre.be\/fr\/montage-convoyeur\/\" \/>\n<meta property=\"og:site_name\" content=\"Legendre\" \/>\n<meta property=\"article:modified_time\" content=\"2019-11-20T09:38:16+00:00\" \/>\n<meta name=\"author\" content=\"georges\" \/>\n<meta name=\"twitter:card\" content=\"summary\" \/>\n<meta name=\"twitter:label1\" content=\"Dur\u00e9e de lecture estim\u00e9e\" \/>\n\t<meta name=\"twitter:data1\" content=\"6 minutes\" \/>\n<script type=\"application\/ld+json\" class=\"yoast-schema-graph\">{\"@context\":\"https:\/\/schema.org\",\"@graph\":[{\"@type\":\"WebSite\",\"@id\":\"https:\/\/www.legendre.be\/en\/#website\",\"url\":\"https:\/\/www.legendre.be\/en\/\",\"name\":\"Legendre\",\"description\":\"Website Legendre\",\"potentialAction\":[{\"@type\":\"SearchAction\",\"target\":{\"@type\":\"EntryPoint\",\"urlTemplate\":\"https:\/\/www.legendre.be\/en\/?s={search_term_string}\"},\"query-input\":\"required name=search_term_string\"}],\"inLanguage\":\"fr-FR\"},{\"@type\":\"WebPage\",\"@id\":\"https:\/\/www.legendre.be\/fr\/montage-convoyeur\/#webpage\",\"url\":\"https:\/\/www.legendre.be\/fr\/montage-convoyeur\/\",\"name\":\"Montage convoyeur sur mesure | We Convey - You Relax | Legendre\u00a0\u00bb\",\"isPartOf\":{\"@id\":\"https:\/\/www.legendre.be\/en\/#website\"},\"datePublished\":\"2019-09-13T14:51:56+00:00\",\"dateModified\":\"2019-11-20T09:38:16+00:00\",\"description\":\"Vous pouvez compter sur Legendre pour un fonctionnement de ligne optimal. Optez aussi pour nous pour le montage d'un convoyeur sur mesure et l\u2019assistance.\",\"breadcrumb\":{\"@id\":\"https:\/\/www.legendre.be\/fr\/montage-convoyeur\/#breadcrumb\"},\"inLanguage\":\"fr-FR\",\"potentialAction\":[{\"@type\":\"ReadAction\",\"target\":[\"https:\/\/www.legendre.be\/fr\/montage-convoyeur\/\"]}]},{\"@type\":\"BreadcrumbList\",\"@id\":\"https:\/\/www.legendre.be\/fr\/montage-convoyeur\/#breadcrumb\",\"itemListElement\":[{\"@type\":\"ListItem\",\"position\":1,\"name\":\"Home\",\"item\":\"https:\/\/www.legendre.be\/fr\/\"},{\"@type\":\"ListItem\",\"position\":2,\"name\":\"Montage convoyeur\"}]}]}<\/script>\n<!-- \/ Yoast SEO plugin. -->","yoast_head_json":{"title":"Montage convoyeur sur mesure | We Convey - You Relax | Legendre\u00a0\u00bb","description":"Vous pouvez compter sur Legendre pour un fonctionnement de ligne optimal. Optez aussi pour nous pour le montage d'un convoyeur sur mesure et l\u2019assistance.","robots":{"index":"index","follow":"follow","max-snippet":"max-snippet:-1","max-image-preview":"max-image-preview:large","max-video-preview":"max-video-preview:-1"},"canonical":"https:\/\/www.legendre.be\/fr\/montage-convoyeur\/","og_locale":"fr_FR","og_type":"article","og_title":"Montage convoyeur sur mesure | We Convey - You Relax | Legendre\u00a0\u00bb","og_description":"Vous pouvez compter sur Legendre pour un fonctionnement de ligne optimal. Optez aussi pour nous pour le montage d'un convoyeur sur mesure et l\u2019assistance.","og_url":"https:\/\/www.legendre.be\/fr\/montage-convoyeur\/","og_site_name":"Legendre","article_modified_time":"2019-11-20T09:38:16+00:00","author":"georges","twitter_card":"summary","twitter_misc":{"Dur\u00e9e de lecture estim\u00e9e":"6 minutes"},"schema":{"@context":"https:\/\/schema.org","@graph":[{"@type":"WebSite","@id":"https:\/\/www.legendre.be\/en\/#website","url":"https:\/\/www.legendre.be\/en\/","name":"Legendre","description":"Website Legendre","potentialAction":[{"@type":"SearchAction","target":{"@type":"EntryPoint","urlTemplate":"https:\/\/www.legendre.be\/en\/?s={search_term_string}"},"query-input":"required name=search_term_string"}],"inLanguage":"fr-FR"},{"@type":"WebPage","@id":"https:\/\/www.legendre.be\/fr\/montage-convoyeur\/#webpage","url":"https:\/\/www.legendre.be\/fr\/montage-convoyeur\/","name":"Montage convoyeur sur mesure | We Convey - You Relax | Legendre\u00a0\u00bb","isPartOf":{"@id":"https:\/\/www.legendre.be\/en\/#website"},"datePublished":"2019-09-13T14:51:56+00:00","dateModified":"2019-11-20T09:38:16+00:00","description":"Vous pouvez compter sur Legendre pour un fonctionnement de ligne optimal. Optez aussi pour nous pour le montage d'un convoyeur sur mesure et l\u2019assistance.","breadcrumb":{"@id":"https:\/\/www.legendre.be\/fr\/montage-convoyeur\/#breadcrumb"},"inLanguage":"fr-FR","potentialAction":[{"@type":"ReadAction","target":["https:\/\/www.legendre.be\/fr\/montage-convoyeur\/"]}]},{"@type":"BreadcrumbList","@id":"https:\/\/www.legendre.be\/fr\/montage-convoyeur\/#breadcrumb","itemListElement":[{"@type":"ListItem","position":1,"name":"Home","item":"https:\/\/www.legendre.be\/fr\/"},{"@type":"ListItem","position":2,"name":"Montage convoyeur"}]}]}},"_links":{"self":[{"href":"https:\/\/www.legendre.be\/fr\/wp-json\/wp\/v2\/pages\/1560"}],"collection":[{"href":"https:\/\/www.legendre.be\/fr\/wp-json\/wp\/v2\/pages"}],"about":[{"href":"https:\/\/www.legendre.be\/fr\/wp-json\/wp\/v2\/types\/page"}],"author":[{"embeddable":true,"href":"https:\/\/www.legendre.be\/fr\/wp-json\/wp\/v2\/users\/1"}],"replies":[{"embeddable":true,"href":"https:\/\/www.legendre.be\/fr\/wp-json\/wp\/v2\/comments?post=1560"}],"version-history":[{"count":10,"href":"https:\/\/www.legendre.be\/fr\/wp-json\/wp\/v2\/pages\/1560\/revisions"}],"predecessor-version":[{"id":1577,"href":"https:\/\/www.legendre.be\/fr\/wp-json\/wp\/v2\/pages\/1560\/revisions\/1577"}],"wp:attachment":[{"href":"https:\/\/www.legendre.be\/fr\/wp-json\/wp\/v2\/media?parent=1560"}],"curies":[{"name":"wp","href":"https:\/\/api.w.org\/{rel}","templated":true}]}}