{"id":3219,"date":"2021-05-03T06:12:08","date_gmt":"2021-05-03T06:12:08","guid":{"rendered":"https:\/\/www.legendre.be\/vacatures-test\/"},"modified":"2021-06-04T09:16:26","modified_gmt":"2021-06-04T09:16:26","slug":"offres_demploi","status":"publish","type":"page","link":"https:\/\/www.legendre.be\/fr\/offres_demploi\/","title":{"rendered":"Offres d&#8217;emploi en ce moment"},"content":{"rendered":"[vc_row css_animation=\u00a0\u00bb\u00a0\u00bb row_type=\u00a0\u00bbrow\u00a0\u00bb use_row_as_full_screen_section=\u00a0\u00bbno\u00a0\u00bb type=\u00a0\u00bbfull_width\u00a0\u00bb angled_section=\u00a0\u00bbno\u00a0\u00bb text_align=\u00a0\u00bbleft\u00a0\u00bb background_image_as_pattern=\u00a0\u00bbwithout_pattern\u00a0\u00bb][vc_column][vc_column_text]\n<h1 style=\"text-align: center;\">Offres d&#8217;emploi en ce moment<\/h1>\n[\/vc_column_text][vc_empty_space height=\u00a0\u00bb50px\u00a0\u00bb][\/vc_column][\/vc_row][vc_row css_animation=\u00a0\u00bb\u00a0\u00bb row_type=\u00a0\u00bbrow\u00a0\u00bb use_row_as_full_screen_section=\u00a0\u00bbno\u00a0\u00bb type=\u00a0\u00bbfull_width\u00a0\u00bb angled_section=\u00a0\u00bbno\u00a0\u00bb text_align=\u00a0\u00bbleft\u00a0\u00bb background_image_as_pattern=\u00a0\u00bbwithout_pattern\u00a0\u00bb][vc_column][vc_column_text]            <div class=\"vacatures-overview-wrapper\">\n                <ul class=\"vacatures-overview-list\">\n                    \n\n                        <li class=\"vacatures-overview-list-item\">\n                            <div class=\"vacatures-overview-list-content\">\n                                <h4>Automation Engineer<\/h4>\n                                <p>\n                                    Rejoins notre \u00e9quipe comme Automation Engineer, pour de grandes aventures ! Envoie ton CV \u00e0 info@legendreconveyors.be...                                <\/p>\n                                                                <a target=\"_blank\" href=\"https:\/\/www.legendre.be\/wp-content\/uploads\/2021\/08\/JD-Automation-Engineer-LEGENDRE-CONVEYORS-EN.pdf\">Plus d'info                                    &rarr;<\/a>\n                            <\/div>\n                        <\/li>\n\n\n                    \n\n                        <li class=\"vacatures-overview-list-item\">\n                            <div class=\"vacatures-overview-list-content\">\n                                <h4>Layout Design Engineer<\/h4>\n                                <p>\n                                    Viens renforcer notre \u00e9quipe en tant que Layout Design Engineer. Nous t'attendons ! Envoie ton CV \u00e0 info@legendreconveyors.be et\/ou ans.verachtert@actremium.com...                                <\/p>\n                                                                <a target=\"_blank\" href=\"https:\/\/www.legendre.be\/wp-content\/uploads\/2021\/05\/Legendre-Layout-Design-Engineer-FR.pdf\">Plus d'info                                    &rarr;<\/a>\n                            <\/div>\n                        <\/li>\n\n\n                    \n\n                        <li class=\"vacatures-overview-list-item\">\n                            <div class=\"vacatures-overview-list-content\">\n                                <h4>Field Mechanician - Supervisor<\/h4>\n                                <p>\n                                    Viens renforcer l'\u00e9quipe en tant que Monteur Industriel, nous t'attendons. Envoie ton CV \u00e0 info@legendreconveyors.be et\/ou ans.verachtert@actemium.com...                                <\/p>\n                                                                <a target=\"_blank\" href=\"https:\/\/www.legendre.be\/wp-content\/uploads\/2021\/05\/Legendre-Field-Mechanician-FR.pdf\">Plus d'info                                    &rarr;<\/a>\n                            <\/div>\n                        <\/li>\n\n\n                                         <li class=\"vacatures-overview-list-item\">\n                        <div class=\"vacatures-overview-list-content\" style=\"background-color: #f5f5f5;\">\n                                                        <h4>Candidature spontan\u00e9e<\/h4>\n                            <p>Vous pouvez toujours postuler spontan\u00e9ment. N'h\u00e9sitez pas \u00e0 envoyer votre CV et lettre de motivation \u00e0 <a href=\"mailto:info@legendreconveyors.be\">info@legendreconveyors.be<\/a>.<\/p>\n                                                    <\/div>\n                    <\/li>\n                <\/ul>\n            <\/div>\n       \n        [\/vc_column_text][vc_empty_space height=\u00a0\u00bb50px\u00a0\u00bb][\/vc_column][\/vc_row]\n","protected":false},"excerpt":{"rendered":"<p>[vc_row css_animation=\u00a0\u00bb\u00a0\u00bb row_type=\u00a0\u00bbrow\u00a0\u00bb use_row_as_full_screen_section=\u00a0\u00bbno\u00a0\u00bb type=\u00a0\u00bbfull_width\u00a0\u00bb angled_section=\u00a0\u00bbno\u00a0\u00bb text_align=\u00a0\u00bbleft\u00a0\u00bb background_image_as_pattern=\u00a0\u00bbwithout_pattern\u00a0\u00bb][vc_column][vc_column_text] Offres d&#8217;emploi en ce moment [\/vc_column_text][vc_empty_space height=\u00a0\u00bb50px\u00a0\u00bb][\/vc_column][\/vc_row][vc_row css_animation=\u00a0\u00bb\u00a0\u00bb row_type=\u00a0\u00bbrow\u00a0\u00bb use_row_as_full_screen_section=\u00a0\u00bbno\u00a0\u00bb type=\u00a0\u00bbfull_width\u00a0\u00bb angled_section=\u00a0\u00bbno\u00a0\u00bb text_align=\u00a0\u00bbleft\u00a0\u00bb background_image_as_pattern=\u00a0\u00bbwithout_pattern\u00a0\u00bb][vc_column][vc_column_text][\/vc_column_text][vc_empty_space height=\u00a0\u00bb50px\u00a0\u00bb][\/vc_column][\/vc_row]<\/p>\n","protected":false},"author":2,"featured_media":0,"parent":0,"menu_order":0,"comment_status":"closed","ping_status":"closed","template":"","meta":{"_monsterinsights_skip_tracking":false,"_monsterinsights_sitenote_active":false,"_monsterinsights_sitenote_note":"","_monsterinsights_sitenote_category":0},"yoast_head":"<!-- This site is optimized with the Yoast SEO plugin v19.2 - https:\/\/yoast.com\/wordpress\/plugins\/seo\/ -->\n<title>Offres d&#039;emploi en ce moment | Legendre \u00bb<\/title>\n<meta name=\"robots\" content=\"index, follow, max-snippet:-1, max-image-preview:large, max-video-preview:-1\" \/>\n<link rel=\"canonical\" href=\"https:\/\/www.legendre.be\/fr\/offres_demploi\/\" \/>\n<meta property=\"og:locale\" content=\"fr_FR\" \/>\n<meta property=\"og:type\" content=\"article\" \/>\n<meta property=\"og:title\" content=\"Offres d&#039;emploi en ce moment | Legendre \u00bb\" \/>\n<meta property=\"og:description\" content=\"[vc_row css_animation=\u00a0\u00bb\u00a0\u00bb row_type=\u00a0\u00bbrow\u00a0\u00bb use_row_as_full_screen_section=\u00a0\u00bbno\u00a0\u00bb type=\u00a0\u00bbfull_width\u00a0\u00bb angled_section=\u00a0\u00bbno\u00a0\u00bb text_align=\u00a0\u00bbleft\u00a0\u00bb background_image_as_pattern=\u00a0\u00bbwithout_pattern\u00a0\u00bb][vc_column][vc_column_text] Offres d&#8217;emploi en ce moment [\/vc_column_text][vc_empty_space height=\u00a0\u00bb50px\u00a0\u00bb][\/vc_column][\/vc_row][vc_row css_animation=\u00a0\u00bb\u00a0\u00bb row_type=\u00a0\u00bbrow\u00a0\u00bb use_row_as_full_screen_section=\u00a0\u00bbno\u00a0\u00bb type=\u00a0\u00bbfull_width\u00a0\u00bb angled_section=\u00a0\u00bbno\u00a0\u00bb text_align=\u00a0\u00bbleft\u00a0\u00bb background_image_as_pattern=\u00a0\u00bbwithout_pattern\u00a0\u00bb][vc_column][vc_column_text][\/vc_column_text][vc_empty_space height=\u00a0\u00bb50px\u00a0\u00bb][\/vc_column][\/vc_row]\" \/>\n<meta property=\"og:url\" content=\"https:\/\/www.legendre.be\/fr\/offres_demploi\/\" \/>\n<meta property=\"og:site_name\" content=\"Legendre\" \/>\n<meta property=\"article:modified_time\" content=\"2021-06-04T09:16:26+00:00\" \/>\n<meta name=\"author\" content=\"Comith\" \/>\n<meta name=\"twitter:card\" content=\"summary\" \/>\n<meta name=\"twitter:label1\" content=\"Dur\u00e9e de lecture estim\u00e9e\" \/>\n\t<meta name=\"twitter:data1\" content=\"1 minute\" \/>\n<script type=\"application\/ld+json\" class=\"yoast-schema-graph\">{\"@context\":\"https:\/\/schema.org\",\"@graph\":[{\"@type\":\"WebSite\",\"@id\":\"https:\/\/www.legendre.be\/en\/#website\",\"url\":\"https:\/\/www.legendre.be\/en\/\",\"name\":\"Legendre\",\"description\":\"Website Legendre\",\"potentialAction\":[{\"@type\":\"SearchAction\",\"target\":{\"@type\":\"EntryPoint\",\"urlTemplate\":\"https:\/\/www.legendre.be\/en\/?s={search_term_string}\"},\"query-input\":\"required name=search_term_string\"}],\"inLanguage\":\"fr-FR\"},{\"@type\":\"WebPage\",\"@id\":\"https:\/\/www.legendre.be\/fr\/offres_demploi\/#webpage\",\"url\":\"https:\/\/www.legendre.be\/fr\/offres_demploi\/\",\"name\":\"Offres d'emploi en ce moment | Legendre \u00bb\",\"isPartOf\":{\"@id\":\"https:\/\/www.legendre.be\/en\/#website\"},\"datePublished\":\"2021-05-03T06:12:08+00:00\",\"dateModified\":\"2021-06-04T09:16:26+00:00\",\"breadcrumb\":{\"@id\":\"https:\/\/www.legendre.be\/fr\/offres_demploi\/#breadcrumb\"},\"inLanguage\":\"fr-FR\",\"potentialAction\":[{\"@type\":\"ReadAction\",\"target\":[\"https:\/\/www.legendre.be\/fr\/offres_demploi\/\"]}]},{\"@type\":\"BreadcrumbList\",\"@id\":\"https:\/\/www.legendre.be\/fr\/offres_demploi\/#breadcrumb\",\"itemListElement\":[{\"@type\":\"ListItem\",\"position\":1,\"name\":\"Home\",\"item\":\"https:\/\/www.legendre.be\/fr\/\"},{\"@type\":\"ListItem\",\"position\":2,\"name\":\"Offres d&#8217;emploi en ce moment\"}]}]}<\/script>\n<!-- \/ Yoast SEO plugin. -->","yoast_head_json":{"title":"Offres d'emploi en ce moment | Legendre \u00bb","robots":{"index":"index","follow":"follow","max-snippet":"max-snippet:-1","max-image-preview":"max-image-preview:large","max-video-preview":"max-video-preview:-1"},"canonical":"https:\/\/www.legendre.be\/fr\/offres_demploi\/","og_locale":"fr_FR","og_type":"article","og_title":"Offres d'emploi en ce moment | Legendre \u00bb","og_description":"[vc_row css_animation=\u00a0\u00bb\u00a0\u00bb row_type=\u00a0\u00bbrow\u00a0\u00bb use_row_as_full_screen_section=\u00a0\u00bbno\u00a0\u00bb type=\u00a0\u00bbfull_width\u00a0\u00bb angled_section=\u00a0\u00bbno\u00a0\u00bb text_align=\u00a0\u00bbleft\u00a0\u00bb background_image_as_pattern=\u00a0\u00bbwithout_pattern\u00a0\u00bb][vc_column][vc_column_text] Offres d&#8217;emploi en ce moment [\/vc_column_text][vc_empty_space height=\u00a0\u00bb50px\u00a0\u00bb][\/vc_column][\/vc_row][vc_row css_animation=\u00a0\u00bb\u00a0\u00bb row_type=\u00a0\u00bbrow\u00a0\u00bb use_row_as_full_screen_section=\u00a0\u00bbno\u00a0\u00bb type=\u00a0\u00bbfull_width\u00a0\u00bb angled_section=\u00a0\u00bbno\u00a0\u00bb text_align=\u00a0\u00bbleft\u00a0\u00bb background_image_as_pattern=\u00a0\u00bbwithout_pattern\u00a0\u00bb][vc_column][vc_column_text][\/vc_column_text][vc_empty_space height=\u00a0\u00bb50px\u00a0\u00bb][\/vc_column][\/vc_row]","og_url":"https:\/\/www.legendre.be\/fr\/offres_demploi\/","og_site_name":"Legendre","article_modified_time":"2021-06-04T09:16:26+00:00","author":"Comith","twitter_card":"summary","twitter_misc":{"Dur\u00e9e de lecture estim\u00e9e":"1 minute"},"schema":{"@context":"https:\/\/schema.org","@graph":[{"@type":"WebSite","@id":"https:\/\/www.legendre.be\/en\/#website","url":"https:\/\/www.legendre.be\/en\/","name":"Legendre","description":"Website Legendre","potentialAction":[{"@type":"SearchAction","target":{"@type":"EntryPoint","urlTemplate":"https:\/\/www.legendre.be\/en\/?s={search_term_string}"},"query-input":"required name=search_term_string"}],"inLanguage":"fr-FR"},{"@type":"WebPage","@id":"https:\/\/www.legendre.be\/fr\/offres_demploi\/#webpage","url":"https:\/\/www.legendre.be\/fr\/offres_demploi\/","name":"Offres d'emploi en ce moment | Legendre \u00bb","isPartOf":{"@id":"https:\/\/www.legendre.be\/en\/#website"},"datePublished":"2021-05-03T06:12:08+00:00","dateModified":"2021-06-04T09:16:26+00:00","breadcrumb":{"@id":"https:\/\/www.legendre.be\/fr\/offres_demploi\/#breadcrumb"},"inLanguage":"fr-FR","potentialAction":[{"@type":"ReadAction","target":["https:\/\/www.legendre.be\/fr\/offres_demploi\/"]}]},{"@type":"BreadcrumbList","@id":"https:\/\/www.legendre.be\/fr\/offres_demploi\/#breadcrumb","itemListElement":[{"@type":"ListItem","position":1,"name":"Home","item":"https:\/\/www.legendre.be\/fr\/"},{"@type":"ListItem","position":2,"name":"Offres d&#8217;emploi en ce moment"}]}]}},"_links":{"self":[{"href":"https:\/\/www.legendre.be\/fr\/wp-json\/wp\/v2\/pages\/3219"}],"collection":[{"href":"https:\/\/www.legendre.be\/fr\/wp-json\/wp\/v2\/pages"}],"about":[{"href":"https:\/\/www.legendre.be\/fr\/wp-json\/wp\/v2\/types\/page"}],"author":[{"embeddable":true,"href":"https:\/\/www.legendre.be\/fr\/wp-json\/wp\/v2\/users\/2"}],"replies":[{"embeddable":true,"href":"https:\/\/www.legendre.be\/fr\/wp-json\/wp\/v2\/comments?post=3219"}],"version-history":[{"count":8,"href":"https:\/\/www.legendre.be\/fr\/wp-json\/wp\/v2\/pages\/3219\/revisions"}],"predecessor-version":[{"id":3389,"href":"https:\/\/www.legendre.be\/fr\/wp-json\/wp\/v2\/pages\/3219\/revisions\/3389"}],"wp:attachment":[{"href":"https:\/\/www.legendre.be\/fr\/wp-json\/wp\/v2\/media?parent=3219"}],"curies":[{"name":"wp","href":"https:\/\/api.w.org\/{rel}","templated":true}]}}