{"id":3327,"date":"2021-05-17T07:58:50","date_gmt":"2021-05-17T07:58:50","guid":{"rendered":"https:\/\/www.legendre.be\/?page_id=3327"},"modified":"2021-05-17T08:02:38","modified_gmt":"2021-05-17T08:02:38","slug":"contact-2","status":"publish","type":"page","link":"https:\/\/www.legendre.be\/fr\/contact-2\/","title":{"rendered":"Contact"},"content":{"rendered":"[vc_row css_animation=\u00a0\u00bb\u00a0\u00bb row_type=\u00a0\u00bbrow\u00a0\u00bb use_row_as_full_screen_section=\u00a0\u00bbno\u00a0\u00bb type=\u00a0\u00bbfull_width\u00a0\u00bb angled_section=\u00a0\u00bbno\u00a0\u00bb text_align=\u00a0\u00bbleft\u00a0\u00bb background_image_as_pattern=\u00a0\u00bbwithout_pattern\u00a0\u00bb el_class=\u00a0\u00bbbar\u00a0\u00bb css=\u00a0\u00bb.vc_custom_1621238409056{padding-top: 20px !important;padding-bottom: 20px !important;}\u00a0\u00bb z_index=\u00a0\u00bb\u00a0\u00bb background_color=\u00a0\u00bb#2666e2&Prime;][vc_column][vc_row_inner row_type=\u00a0\u00bbrow\u00a0\u00bb type=\u00a0\u00bbgrid\u00a0\u00bb text_align=\u00a0\u00bbleft\u00a0\u00bb css_animation=\u00a0\u00bb\u00a0\u00bb][vc_column_inner width=\u00a0\u00bb2\/3&Prime;][vc_column_text el_class=\u00a0\u00bbbar_txt\u00a0\u00bb]Renforcer notre team?[\/vc_column_text][\/vc_column_inner][vc_column_inner width=\u00a0\u00bb1\/3&Prime;]\n\n\t<a href=\"https:\/\/www.legendre.be\/fr\/vacatures-test\/\" target=\"_self\"  class=\"qode-btn qode-btn-medium qode-btn-solid cta-btn-home qode-btn-default-hover\"  >\n\t    <span class=\"qode-btn-text\">Afficher tous les emplois<\/span>\t<\/a>\n\n[\/vc_column_inner][\/vc_row_inner][\/vc_column][\/vc_row][vc_row css_animation=\u00a0\u00bb\u00a0\u00bb row_type=\u00a0\u00bbrow\u00a0\u00bb use_row_as_full_screen_section=\u00a0\u00bbno\u00a0\u00bb type=\u00a0\u00bbfull_width\u00a0\u00bb angled_section=\u00a0\u00bbno\u00a0\u00bb text_align=\u00a0\u00bbleft\u00a0\u00bb background_image_as_pattern=\u00a0\u00bbwithout_pattern\u00a0\u00bb css=\u00a0\u00bb.vc_custom_1556289654045{padding-top: 30px !important;padding-right: 30px !important;padding-bottom: 20px !important;padding-left: 30px !important;}\u00a0\u00bb z_index=\u00a0\u00bb\u00a0\u00bb][vc_column][vc_row_inner row_type=\u00a0\u00bbrow\u00a0\u00bb type=\u00a0\u00bbgrid\u00a0\u00bb text_align=\u00a0\u00bbleft\u00a0\u00bb css_animation=\u00a0\u00bb\u00a0\u00bb][vc_column_inner][vc_column_text el_class=\u00a0\u00bbnon_h1&Prime;]Nous nous faisons un plaisir de vous aider<br \/>\n[\/vc_column_text][\/vc_column_inner][\/vc_row_inner][\/vc_column][\/vc_row][vc_row css_animation=\u00a0\u00bb\u00a0\u00bb row_type=\u00a0\u00bbrow\u00a0\u00bb use_row_as_full_screen_section=\u00a0\u00bbno\u00a0\u00bb type=\u00a0\u00bbfull_width\u00a0\u00bb angled_section=\u00a0\u00bbno\u00a0\u00bb text_align=\u00a0\u00bbleft\u00a0\u00bb background_image_as_pattern=\u00a0\u00bbwithout_pattern\u00a0\u00bb el_class=\u00a0\u00bbbg_line\u00a0\u00bb z_index=\u00a0\u00bb\u00a0\u00bb][vc_column][vc_row_inner row_type=\u00a0\u00bbrow\u00a0\u00bb type=\u00a0\u00bbgrid\u00a0\u00bb text_align=\u00a0\u00bbleft\u00a0\u00bb css_animation=\u00a0\u00bb\u00a0\u00bb el_class=\u00a0\u00bbcontactform_around\u00a0\u00bb][vc_column_inner el_class=\u00a0\u00bbcontactform\u00a0\u00bb width=\u00a0\u00bb2\/3&Prime;][vc_column_text el_class=\u00a0\u00bb.non_h1&Prime;]Envoyez-nous vos coordonn\u00e9es et nous vous r\u00e9pondrons dans les plus brefs d\u00e9lais<br \/>\n[\/vc_column_text]<div role=\"form\" class=\"wpcf7\" id=\"wpcf7-f1163-o1\" lang=\"nl-NL\" dir=\"ltr\">\n<div class=\"screen-reader-response\"><p role=\"status\" aria-live=\"polite\" aria-atomic=\"true\"><\/p> <ul><\/ul><\/div>\n<form action=\"\/fr\/wp-json\/wp\/v2\/pages\/3327#wpcf7-f1163-o1\" method=\"post\" class=\"wpcf7-form init default\" novalidate=\"novalidate\" data-status=\"init\">\n<div style=\"display: none;\">\n<input type=\"hidden\" name=\"_wpcf7\" value=\"1163\" \/>\n<input type=\"hidden\" name=\"_wpcf7_version\" value=\"5.6\" \/>\n<input type=\"hidden\" name=\"_wpcf7_locale\" value=\"nl_NL\" \/>\n<input type=\"hidden\" name=\"_wpcf7_unit_tag\" value=\"wpcf7-f1163-o1\" \/>\n<input type=\"hidden\" name=\"_wpcf7_container_post\" value=\"0\" \/>\n<input type=\"hidden\" name=\"_wpcf7_posted_data_hash\" value=\"\" \/>\n<input type=\"hidden\" name=\"_wpcf7_recaptcha_response\" value=\"\" \/>\n<\/div>\n<div class=\"wpb_column vc_column_container vc_col-sm-12\">\n<div class=\"wpb_column vc_column_container vc_col-sm-6\">\n<div class=\"vc_column-inner\">\n<div class=\"wpb_wrapper\">\n<div class=\"wpb_text_column wpb_content_element\">\n<div class=\"wpb_wrapper\">\n\t\t\t\t\t\t\t\t\t\t\t<span class=\"wpcf7-form-control-wrap\" data-name=\"voornaam\"><input type=\"text\" name=\"voornaam\" value=\"\" size=\"40\" class=\"wpcf7-form-control wpcf7-text wpcf7-validates-as-required\" aria-required=\"true\" aria-invalid=\"false\" placeholder=\"Pr\u00e9nom\" \/><\/span><\/p>\n<\/div>\n<\/div>\n<\/div>\n<\/div>\n<\/div>\n<div class=\"wpb_column vc_column_container vc_col-sm-6\">\n<div class=\"vc_column-inner\">\n<div class=\"wpb_wrapper\">\n\t\t\t\t\t\t\t\t\t<span class=\"wpcf7-form-control-wrap\" data-name=\"naam\"><input type=\"text\" name=\"naam\" value=\"\" size=\"40\" class=\"wpcf7-form-control wpcf7-text wpcf7-validates-as-required\" aria-required=\"true\" aria-invalid=\"false\" placeholder=\"Nom\" \/><\/span>\n\t\t\t\t\t\t\t\t<\/div>\n<\/div>\n<\/div>\n<\/div>\n<div class=\"wpb_column vc_column_container vc_col-sm-12\">\n<div class=\"vc_column-inner\">\n<div class=\"wpb_wrapper\">\n<div class=\"wpb_text_column wpb_content_element\">\n<div class=\"wpb_wrapper\">\n                                <span class=\"wpcf7-form-control-wrap\" data-name=\"mailadres\"><input type=\"email\" name=\"mailadres\" value=\"\" size=\"40\" class=\"wpcf7-form-control wpcf7-text wpcf7-email wpcf7-validates-as-email\" aria-invalid=\"false\" placeholder=\"Email\" \/><\/span>\n                        <\/div>\n<\/div>\n<\/div>\n<\/div>\n<\/div>\n<div class=\"wpb_column vc_column_container vc_col-sm-12\">\n<div class=\"vc_column-inner\">\n<div class=\"wpb_wrapper\">\n<div class=\"wpb_text_column wpb_content_element\">\n<div class=\"wpb_wrapper\">\n                                <span class=\"wpcf7-form-control-wrap\" data-name=\"onderwerp\"><textarea name=\"onderwerp\" cols=\"40\" rows=\"10\" class=\"wpcf7-form-control wpcf7-textarea\" aria-invalid=\"false\" placeholder=\"Message\"><\/textarea><\/span>\n                        <\/div>\n<\/div>\n<\/div>\n<\/div>\n<\/div>\n<p><input type=\"submit\" value=\"Contactez-nous\" class=\"wpcf7-form-control has-spinner wpcf7-submit\" \/><\/p>\n<div class=\"wpcf7-response-output\" aria-hidden=\"true\"><\/div><\/form><\/div>[\/vc_column_inner][vc_column_inner width=\u00a0\u00bb1\/3&Prime;][vc_column_text el_class=\u00a0\u00bb.non_h1&Prime;]Ou passez nous voir pour parler de votre projet<br \/>\n[\/vc_column_text][vc_gmaps link=\u00a0\u00bb#E-8_JTNDaWZyYW1lJTIwc3JjJTNEJTIyaHR0cHMlM0ElMkYlMkZ3d3cuZ29vZ2xlLmNvbSUyRm1hcHMlMkZlbWJlZCUzRnBiJTNEJTIxMW0xOCUyMTFtMTIlMjExbTMlMjExZDIzODQuOTIzMzg1Njk4OTI0NCUyMTJkNC4yNzE2NzY1NjI4NDk5NTclMjEzZDUwLjg3MDM1NzI0ODM5NDU3NiUyMTJtMyUyMTFmMCUyMTJmMCUyMTNmMCUyMTNtMiUyMTFpMTAyNCUyMTJpNzY4JTIxNGYxMy4xJTIxM20zJTIxMW0yJTIxMXMweDQ3YzNlZTA0NzlmNDljMDElMjUzQTB4NTVmYTQwYWM0MGU2OTk4JTIxMnNMZWdlbmRyZSUyNTIwQ29udmV5b3JzJTIxNWUwJTIxM20yJTIxMXNlbiUyMTJzYmUlMjE0djE1NzM3MTk5NTQwMjElMjE1bTIlMjExc2VuJTIxMnNiZSUyMiUyMHdpZHRoJTNEJTIyMTAwJTI1JTIyJTIwaGVpZ2h0JTNEJTIyNDAwJTIyJTNFJTNDJTJGaWZyYW1lJTNF\u00a0\u00bb][\/vc_column_inner][\/vc_row_inner][\/vc_column][\/vc_row][vc_row css_animation=\u00a0\u00bb\u00a0\u00bb row_type=\u00a0\u00bbrow\u00a0\u00bb use_row_as_full_screen_section=\u00a0\u00bbno\u00a0\u00bb type=\u00a0\u00bbfull_width\u00a0\u00bb angled_section=\u00a0\u00bbno\u00a0\u00bb text_align=\u00a0\u00bbleft\u00a0\u00bb background_image_as_pattern=\u00a0\u00bbwithout_pattern\u00a0\u00bb css=\u00a0\u00bb.vc_custom_1556287088844{padding-top: 100px !important;padding-bottom: 75px !important;background-image: url(https:\/\/www.legendre.be\/wp-content\/uploads\/2019\/04\/bg_leftt.jpg?id=270) !important;}\u00a0\u00bb z_index=\u00a0\u00bb\u00a0\u00bb el_class=\u00a0\u00bbonsaanbod\u00a0\u00bb][vc_column][vc_row_inner row_type=\u00a0\u00bbrow\u00a0\u00bb type=\u00a0\u00bbgrid\u00a0\u00bb text_align=\u00a0\u00bbleft\u00a0\u00bb css_animation=\u00a0\u00bb\u00a0\u00bb][vc_column_inner][vc_single_image image=\u00a0\u00bb332&Prime; img_size=\u00a0\u00bbfull\u00a0\u00bb qode_css_animation=\u00a0\u00bb\u00a0\u00bb][\/vc_column_inner][\/vc_row_inner][\/vc_column][\/vc_row][vc_row css_animation=\u00a0\u00bb\u00a0\u00bb row_type=\u00a0\u00bbrow\u00a0\u00bb use_row_as_full_screen_section=\u00a0\u00bbno\u00a0\u00bb type=\u00a0\u00bbfull_width\u00a0\u00bb angled_section=\u00a0\u00bbno\u00a0\u00bb text_align=\u00a0\u00bbleft\u00a0\u00bb background_image_as_pattern=\u00a0\u00bbwithout_pattern\u00a0\u00bb][vc_column][vc_column_text]\n    <div class=\"products-slider other-p-slider\" dir=\"rtl\">\n                                                    <div class=\"product-slide product-slide-Alimentaire\">\n                    <img src=\"https:\/\/www.legendre.be\/wp-content\/uploads\/2019\/09\/food-2.png\" alt=\"Alimentaire\">\n                    <div class=\"product-popup-content\">\n                    <a class=\"start-conveyor\" style=\"transition: none 0s ease 0s; text-align: inherit; line-height: 26px; border-width: 0px; margin: 10px 0px 0px; padding: 0px; letter-spacing: 0px; font-weight: 400; font-size: 14px;\">Start onze transportband<\/a>\n\n                        <p class=\"product-title\">Alimentaire<\/p>\n                        <p><\/p>\n                    <\/div>\n                <\/div>\n                                            <div class=\"product-slide product-slide-Emballage secondaire\">\n                    <img src=\"https:\/\/www.legendre.be\/wp-content\/uploads\/2019\/09\/secundair-nieuw-extra.png\" alt=\"Emballage secondaire\">\n                    <div class=\"product-popup-content\">\n                    <a class=\"start-conveyor\" style=\"transition: none 0s ease 0s; text-align: inherit; line-height: 26px; border-width: 0px; margin: 10px 0px 0px; padding: 0px; letter-spacing: 0px; font-weight: 400; font-size: 14px;\">Start onze transportband<\/a>\n\n                        <p class=\"product-title\">Emballage secondaire<\/p>\n                        <p><\/p>\n                    <\/div>\n                <\/div>\n                                            <div class=\"product-slide product-slide-Non alimentaire\">\n                    <img src=\"https:\/\/www.legendre.be\/wp-content\/uploads\/2019\/09\/non-food.png\" alt=\"Non alimentaire\">\n                    <div class=\"product-popup-content\">\n                    <a class=\"start-conveyor\" style=\"transition: none 0s ease 0s; text-align: inherit; line-height: 26px; border-width: 0px; margin: 10px 0px 0px; padding: 0px; letter-spacing: 0px; font-weight: 400; font-size: 14px;\">Start onze transportband<\/a>\n\n                        <p class=\"product-title\">Non alimentaire<\/p>\n                        <p><\/p>\n                    <\/div>\n                <\/div>\n                                            <div class=\"product-slide product-slide-Boissons\">\n                    <img src=\"https:\/\/www.legendre.be\/wp-content\/uploads\/2019\/09\/dranken-2.png\" alt=\"Boissons\">\n                    <div class=\"product-popup-content\">\n                    <a class=\"start-conveyor\" style=\"transition: none 0s ease 0s; text-align: inherit; line-height: 26px; border-width: 0px; margin: 10px 0px 0px; padding: 0px; letter-spacing: 0px; font-weight: 400; font-size: 14px;\">Start onze transportband<\/a>\n\n                        <p class=\"product-title\">Boissons<\/p>\n                        <p><\/p>\n                    <\/div>\n                <\/div>\n                                            <div class=\"product-slide product-slide-Emballage secondaire\">\n                    <img src=\"https:\/\/www.legendre.be\/wp-content\/uploads\/2019\/09\/secundair-2.png\" alt=\"Emballage secondaire\">\n                    <div class=\"product-popup-content\">\n                    <a class=\"start-conveyor\" style=\"transition: none 0s ease 0s; text-align: inherit; line-height: 26px; border-width: 0px; margin: 10px 0px 0px; padding: 0px; letter-spacing: 0px; font-weight: 400; font-size: 14px;\">Start onze transportband<\/a>\n\n                        <p class=\"product-title\">Emballage secondaire<\/p>\n                        <p><\/p>\n                    <\/div>\n                <\/div>\n                        <\/div>\n\n    [\/vc_column_text][\/vc_column][\/vc_row][vc_row css_animation=\u00a0\u00bb\u00a0\u00bb row_type=\u00a0\u00bbrow\u00a0\u00bb use_row_as_full_screen_section=\u00a0\u00bbno\u00a0\u00bb type=\u00a0\u00bbfull_width\u00a0\u00bb angled_section=\u00a0\u00bbno\u00a0\u00bb text_align=\u00a0\u00bbleft\u00a0\u00bb background_image_as_pattern=\u00a0\u00bbwithout_pattern\u00a0\u00bb z_index=\u00a0\u00bb\u00a0\u00bb background_color=\u00a0\u00bb#2666e2&Prime; css=\u00a0\u00bb.vc_custom_1556263767672{padding-top: 20px !important;padding-bottom: 20px !important;}\u00a0\u00bb el_class=\u00a0\u00bbbar\u00a0\u00bb][vc_column][vc_row_inner row_type=\u00a0\u00bbrow\u00a0\u00bb type=\u00a0\u00bbgrid\u00a0\u00bb text_align=\u00a0\u00bbleft\u00a0\u00bb css_animation=\u00a0\u00bb\u00a0\u00bb][vc_column_inner width=\u00a0\u00bb2\/3&Prime;][vc_column_text el_class=\u00a0\u00bbbar_txt\u00a0\u00bb]Vous \u00eates int\u00e9ress\u00e9(e) ? Laissez-nous vous convaincre<br \/>\n[\/vc_column_text][\/vc_column_inner][vc_column_inner width=\u00a0\u00bb1\/3&Prime;]\n\n\t<a href=\"https:\/\/www.legendre.be\/portefeuille\/?lang=fr\" target=\"_self\"  class=\"qode-btn qode-btn-medium qode-btn-solid cta-btn-home qode-btn-default-hover\"  >\n\t    <span class=\"qode-btn-text\">Tous les projets<\/span>\t<\/a>\n\n[\/vc_column_inner][\/vc_row_inner][\/vc_column][\/vc_row]\n","protected":false},"excerpt":{"rendered":"<p>[vc_row css_animation=\u00a0\u00bb\u00a0\u00bb row_type=\u00a0\u00bbrow\u00a0\u00bb use_row_as_full_screen_section=\u00a0\u00bbno\u00a0\u00bb type=\u00a0\u00bbfull_width\u00a0\u00bb angled_section=\u00a0\u00bbno\u00a0\u00bb text_align=\u00a0\u00bbleft\u00a0\u00bb background_image_as_pattern=\u00a0\u00bbwithout_pattern\u00a0\u00bb el_class=\u00a0\u00bbbar\u00a0\u00bb css=\u00a0\u00bb.vc_custom_1621238409056{padding-top: 20px !important;padding-bottom: 20px !important;}\u00a0\u00bb z_index=\u00a0\u00bb\u00a0\u00bb background_color=\u00a0\u00bb#2666e2&Prime;][vc_column][vc_row_inner row_type=\u00a0\u00bbrow\u00a0\u00bb type=\u00a0\u00bbgrid\u00a0\u00bb text_align=\u00a0\u00bbleft\u00a0\u00bb css_animation=\u00a0\u00bb\u00a0\u00bb][vc_column_inner width=\u00a0\u00bb2\/3&Prime;][vc_column_text el_class=\u00a0\u00bbbar_txt\u00a0\u00bb]Renforcer notre team?[\/vc_column_text][\/vc_column_inner][vc_column_inner width=\u00a0\u00bb1\/3&Prime;][\/vc_column_inner][\/vc_row_inner][\/vc_column][\/vc_row][vc_row css_animation=\u00a0\u00bb\u00a0\u00bb row_type=\u00a0\u00bbrow\u00a0\u00bb use_row_as_full_screen_section=\u00a0\u00bbno\u00a0\u00bb type=\u00a0\u00bbfull_width\u00a0\u00bb angled_section=\u00a0\u00bbno\u00a0\u00bb text_align=\u00a0\u00bbleft\u00a0\u00bb background_image_as_pattern=\u00a0\u00bbwithout_pattern\u00a0\u00bb css=\u00a0\u00bb.vc_custom_1556289654045{padding-top: 30px !important;padding-right: 30px !important;padding-bottom: 20px !important;padding-left: 30px !important;}\u00a0\u00bb z_index=\u00a0\u00bb\u00a0\u00bb][vc_column][vc_row_inner row_type=\u00a0\u00bbrow\u00a0\u00bb type=\u00a0\u00bbgrid\u00a0\u00bb text_align=\u00a0\u00bbleft\u00a0\u00bb&#8230;<\/p>\n","protected":false},"author":2,"featured_media":0,"parent":0,"menu_order":0,"comment_status":"closed","ping_status":"closed","template":"full_width.php","meta":{"_monsterinsights_skip_tracking":false,"_monsterinsights_sitenote_active":false,"_monsterinsights_sitenote_note":"","_monsterinsights_sitenote_category":0},"yoast_head":"<!-- This site is optimized with the Yoast SEO plugin v19.2 - https:\/\/yoast.com\/wordpress\/plugins\/seo\/ -->\n<title>Contactez Legendre Conveyors | Bandes transporteuses | Grand-Bigard \u00bb<\/title>\n<meta name=\"robots\" content=\"index, follow, max-snippet:-1, max-image-preview:large, max-video-preview:-1\" \/>\n<link rel=\"canonical\" href=\"https:\/\/www.legendre.be\/fr\/contact-2\/\" \/>\n<meta property=\"og:locale\" content=\"fr_FR\" \/>\n<meta property=\"og:type\" content=\"article\" \/>\n<meta property=\"og:title\" content=\"Contactez Legendre Conveyors | Bandes transporteuses | Grand-Bigard \u00bb\" \/>\n<meta property=\"og:description\" content=\"[vc_row css_animation=\u00a0\u00bb\u00a0\u00bb row_type=\u00a0\u00bbrow\u00a0\u00bb use_row_as_full_screen_section=\u00a0\u00bbno\u00a0\u00bb type=\u00a0\u00bbfull_width\u00a0\u00bb angled_section=\u00a0\u00bbno\u00a0\u00bb text_align=\u00a0\u00bbleft\u00a0\u00bb background_image_as_pattern=\u00a0\u00bbwithout_pattern\u00a0\u00bb el_class=\u00a0\u00bbbar\u00a0\u00bb css=\u00a0\u00bb.vc_custom_1621238409056{padding-top: 20px !important;padding-bottom: 20px !important;}\u00a0\u00bb z_index=\u00a0\u00bb\u00a0\u00bb background_color=\u00a0\u00bb#2666e2&Prime;][vc_column][vc_row_inner row_type=\u00a0\u00bbrow\u00a0\u00bb type=\u00a0\u00bbgrid\u00a0\u00bb text_align=\u00a0\u00bbleft\u00a0\u00bb css_animation=\u00a0\u00bb\u00a0\u00bb][vc_column_inner width=\u00a0\u00bb2\/3&Prime;][vc_column_text el_class=\u00a0\u00bbbar_txt\u00a0\u00bb]Renforcer notre team?[\/vc_column_text][\/vc_column_inner][vc_column_inner width=\u00a0\u00bb1\/3&Prime;][\/vc_column_inner][\/vc_row_inner][\/vc_column][\/vc_row][vc_row css_animation=\u00a0\u00bb\u00a0\u00bb row_type=\u00a0\u00bbrow\u00a0\u00bb use_row_as_full_screen_section=\u00a0\u00bbno\u00a0\u00bb type=\u00a0\u00bbfull_width\u00a0\u00bb angled_section=\u00a0\u00bbno\u00a0\u00bb text_align=\u00a0\u00bbleft\u00a0\u00bb background_image_as_pattern=\u00a0\u00bbwithout_pattern\u00a0\u00bb css=\u00a0\u00bb.vc_custom_1556289654045{padding-top: 30px !important;padding-right: 30px !important;padding-bottom: 20px !important;padding-left: 30px !important;}\u00a0\u00bb z_index=\u00a0\u00bb\u00a0\u00bb][vc_column][vc_row_inner row_type=\u00a0\u00bbrow\u00a0\u00bb type=\u00a0\u00bbgrid\u00a0\u00bb text_align=\u00a0\u00bbleft\u00a0\u00bb...\" \/>\n<meta property=\"og:url\" content=\"https:\/\/www.legendre.be\/fr\/contact-2\/\" \/>\n<meta property=\"og:site_name\" content=\"Legendre\" \/>\n<meta property=\"article:modified_time\" content=\"2021-05-17T08:02:38+00:00\" \/>\n<meta name=\"author\" content=\"Comith\" \/>\n<meta name=\"twitter:card\" content=\"summary\" \/>\n<meta name=\"twitter:label1\" content=\"Dur\u00e9e de lecture estim\u00e9e\" \/>\n\t<meta name=\"twitter:data1\" content=\"3 minutes\" \/>\n<script type=\"application\/ld+json\" class=\"yoast-schema-graph\">{\"@context\":\"https:\/\/schema.org\",\"@graph\":[{\"@type\":\"WebSite\",\"@id\":\"https:\/\/www.legendre.be\/en\/#website\",\"url\":\"https:\/\/www.legendre.be\/en\/\",\"name\":\"Legendre\",\"description\":\"Website Legendre\",\"potentialAction\":[{\"@type\":\"SearchAction\",\"target\":{\"@type\":\"EntryPoint\",\"urlTemplate\":\"https:\/\/www.legendre.be\/en\/?s={search_term_string}\"},\"query-input\":\"required name=search_term_string\"}],\"inLanguage\":\"fr-FR\"},{\"@type\":\"WebPage\",\"@id\":\"https:\/\/www.legendre.be\/fr\/contact-2\/#webpage\",\"url\":\"https:\/\/www.legendre.be\/fr\/contact-2\/\",\"name\":\"Contactez Legendre Conveyors | Bandes transporteuses | Grand-Bigard \u00bb\",\"isPartOf\":{\"@id\":\"https:\/\/www.legendre.be\/en\/#website\"},\"datePublished\":\"2021-05-17T07:58:50+00:00\",\"dateModified\":\"2021-05-17T08:02:38+00:00\",\"breadcrumb\":{\"@id\":\"https:\/\/www.legendre.be\/fr\/contact-2\/#breadcrumb\"},\"inLanguage\":\"fr-FR\",\"potentialAction\":[{\"@type\":\"ReadAction\",\"target\":[\"https:\/\/www.legendre.be\/fr\/contact-2\/\"]}]},{\"@type\":\"BreadcrumbList\",\"@id\":\"https:\/\/www.legendre.be\/fr\/contact-2\/#breadcrumb\",\"itemListElement\":[{\"@type\":\"ListItem\",\"position\":1,\"name\":\"Home\",\"item\":\"https:\/\/www.legendre.be\/fr\/\"},{\"@type\":\"ListItem\",\"position\":2,\"name\":\"Contact\"}]}]}<\/script>\n<!-- \/ Yoast SEO plugin. -->","yoast_head_json":{"title":"Contactez Legendre Conveyors | Bandes transporteuses | Grand-Bigard \u00bb","robots":{"index":"index","follow":"follow","max-snippet":"max-snippet:-1","max-image-preview":"max-image-preview:large","max-video-preview":"max-video-preview:-1"},"canonical":"https:\/\/www.legendre.be\/fr\/contact-2\/","og_locale":"fr_FR","og_type":"article","og_title":"Contactez Legendre Conveyors | Bandes transporteuses | Grand-Bigard \u00bb","og_description":"[vc_row css_animation=\u00a0\u00bb\u00a0\u00bb row_type=\u00a0\u00bbrow\u00a0\u00bb use_row_as_full_screen_section=\u00a0\u00bbno\u00a0\u00bb type=\u00a0\u00bbfull_width\u00a0\u00bb angled_section=\u00a0\u00bbno\u00a0\u00bb text_align=\u00a0\u00bbleft\u00a0\u00bb background_image_as_pattern=\u00a0\u00bbwithout_pattern\u00a0\u00bb el_class=\u00a0\u00bbbar\u00a0\u00bb css=\u00a0\u00bb.vc_custom_1621238409056{padding-top: 20px !important;padding-bottom: 20px !important;}\u00a0\u00bb z_index=\u00a0\u00bb\u00a0\u00bb background_color=\u00a0\u00bb#2666e2&Prime;][vc_column][vc_row_inner row_type=\u00a0\u00bbrow\u00a0\u00bb type=\u00a0\u00bbgrid\u00a0\u00bb text_align=\u00a0\u00bbleft\u00a0\u00bb css_animation=\u00a0\u00bb\u00a0\u00bb][vc_column_inner width=\u00a0\u00bb2\/3&Prime;][vc_column_text el_class=\u00a0\u00bbbar_txt\u00a0\u00bb]Renforcer notre team?[\/vc_column_text][\/vc_column_inner][vc_column_inner width=\u00a0\u00bb1\/3&Prime;][\/vc_column_inner][\/vc_row_inner][\/vc_column][\/vc_row][vc_row css_animation=\u00a0\u00bb\u00a0\u00bb row_type=\u00a0\u00bbrow\u00a0\u00bb use_row_as_full_screen_section=\u00a0\u00bbno\u00a0\u00bb type=\u00a0\u00bbfull_width\u00a0\u00bb angled_section=\u00a0\u00bbno\u00a0\u00bb text_align=\u00a0\u00bbleft\u00a0\u00bb background_image_as_pattern=\u00a0\u00bbwithout_pattern\u00a0\u00bb css=\u00a0\u00bb.vc_custom_1556289654045{padding-top: 30px !important;padding-right: 30px !important;padding-bottom: 20px !important;padding-left: 30px !important;}\u00a0\u00bb z_index=\u00a0\u00bb\u00a0\u00bb][vc_column][vc_row_inner row_type=\u00a0\u00bbrow\u00a0\u00bb type=\u00a0\u00bbgrid\u00a0\u00bb text_align=\u00a0\u00bbleft\u00a0\u00bb...","og_url":"https:\/\/www.legendre.be\/fr\/contact-2\/","og_site_name":"Legendre","article_modified_time":"2021-05-17T08:02:38+00:00","author":"Comith","twitter_card":"summary","twitter_misc":{"Dur\u00e9e de lecture estim\u00e9e":"3 minutes"},"schema":{"@context":"https:\/\/schema.org","@graph":[{"@type":"WebSite","@id":"https:\/\/www.legendre.be\/en\/#website","url":"https:\/\/www.legendre.be\/en\/","name":"Legendre","description":"Website Legendre","potentialAction":[{"@type":"SearchAction","target":{"@type":"EntryPoint","urlTemplate":"https:\/\/www.legendre.be\/en\/?s={search_term_string}"},"query-input":"required name=search_term_string"}],"inLanguage":"fr-FR"},{"@type":"WebPage","@id":"https:\/\/www.legendre.be\/fr\/contact-2\/#webpage","url":"https:\/\/www.legendre.be\/fr\/contact-2\/","name":"Contactez Legendre Conveyors | Bandes transporteuses | Grand-Bigard \u00bb","isPartOf":{"@id":"https:\/\/www.legendre.be\/en\/#website"},"datePublished":"2021-05-17T07:58:50+00:00","dateModified":"2021-05-17T08:02:38+00:00","breadcrumb":{"@id":"https:\/\/www.legendre.be\/fr\/contact-2\/#breadcrumb"},"inLanguage":"fr-FR","potentialAction":[{"@type":"ReadAction","target":["https:\/\/www.legendre.be\/fr\/contact-2\/"]}]},{"@type":"BreadcrumbList","@id":"https:\/\/www.legendre.be\/fr\/contact-2\/#breadcrumb","itemListElement":[{"@type":"ListItem","position":1,"name":"Home","item":"https:\/\/www.legendre.be\/fr\/"},{"@type":"ListItem","position":2,"name":"Contact"}]}]}},"_links":{"self":[{"href":"https:\/\/www.legendre.be\/fr\/wp-json\/wp\/v2\/pages\/3327"}],"collection":[{"href":"https:\/\/www.legendre.be\/fr\/wp-json\/wp\/v2\/pages"}],"about":[{"href":"https:\/\/www.legendre.be\/fr\/wp-json\/wp\/v2\/types\/page"}],"author":[{"embeddable":true,"href":"https:\/\/www.legendre.be\/fr\/wp-json\/wp\/v2\/users\/2"}],"replies":[{"embeddable":true,"href":"https:\/\/www.legendre.be\/fr\/wp-json\/wp\/v2\/comments?post=3327"}],"version-history":[{"count":2,"href":"https:\/\/www.legendre.be\/fr\/wp-json\/wp\/v2\/pages\/3327\/revisions"}],"predecessor-version":[{"id":3330,"href":"https:\/\/www.legendre.be\/fr\/wp-json\/wp\/v2\/pages\/3327\/revisions\/3330"}],"wp:attachment":[{"href":"https:\/\/www.legendre.be\/fr\/wp-json\/wp\/v2\/media?parent=3327"}],"curies":[{"name":"wp","href":"https:\/\/api.w.org\/{rel}","templated":true}]}}